{"id":3077,"date":"2026-01-16T16:26:09","date_gmt":"2026-01-16T16:26:09","guid":{"rendered":"https:\/\/www.youradn.com\/avertissement-des-paiements-faciles\/"},"modified":"2026-01-26T09:49:59","modified_gmt":"2026-01-26T09:49:59","slug":"avertissement-des-paiements-faciles","status":"publish","type":"page","link":"https:\/\/www.youradn.com\/fr\/avertissement-des-paiements-faciles\/","title":{"rendered":"Avertissement des paiements faciles"},"content":{"rendered":"\t\t<div data-elementor-type=\"wp-page\" data-elementor-id=\"3077\" class=\"elementor elementor-3077 elementor-2858\" data-elementor-post-type=\"page\">\n\t\t\t\t<div class=\"elementor-element elementor-element-3436e28 e-flex e-con-boxed wpr-particle-no wpr-jarallax-no wpr-parallax-no wpr-sticky-section-no e-con e-parent\" data-id=\"3436e28\" data-element_type=\"container\">\n\t\t\t\t\t<div class=\"e-con-inner\">\n\t\t\t\t<div class=\"elementor-element elementor-element-da6fa29 elementor-widget elementor-widget-spacer\" data-id=\"da6fa29\" data-element_type=\"widget\" data-widget_type=\"spacer.default\">\n\t\t\t\t<div class=\"elementor-widget-container\">\n\t\t\t\t\t\t\t<div class=\"elementor-spacer\">\n\t\t\t<div class=\"elementor-spacer-inner\"><\/div>\n\t\t<\/div>\n\t\t\t\t\t\t<\/div>\n\t\t\t\t<\/div>\n\t\t\t\t\t<\/div>\n\t\t\t\t<\/div>\n\t\t<div class=\"elementor-element elementor-element-9443a8b e-flex e-con-boxed wpr-particle-no wpr-jarallax-no wpr-parallax-no wpr-sticky-section-no e-con e-parent\" data-id=\"9443a8b\" data-element_type=\"container\">\n\t\t\t\t\t<div class=\"e-con-inner\">\n\t\t\t\t<div class=\"elementor-element elementor-element-7e49d9e elementor-widget elementor-widget-heading\" data-id=\"7e49d9e\" data-element_type=\"widget\" data-widget_type=\"heading.default\">\n\t\t\t\t<div class=\"elementor-widget-container\">\n\t\t\t\t\t<h1 class=\"elementor-heading-title elementor-size-default\">Avertissement des paiements faciles<\/h1>\t\t\t\t<\/div>\n\t\t\t\t<\/div>\n\t\t\t\t\t<\/div>\n\t\t\t\t<\/div>\n\t\t<div class=\"elementor-element elementor-element-f55ae98 e-flex e-con-boxed wpr-particle-no wpr-jarallax-no wpr-parallax-no wpr-sticky-section-no e-con e-parent\" data-id=\"f55ae98\" data-element_type=\"container\">\n\t\t\t\t\t<div class=\"e-con-inner\">\n\t\t\t\t<div class=\"elementor-element elementor-element-f155eda elementor-widget elementor-widget-text-editor\" data-id=\"f155eda\" data-element_type=\"widget\" data-widget_type=\"text-editor.default\">\n\t\t\t\t<div class=\"elementor-widget-container\">\n\t\t\t\t\t\t\t\t\t<p><strong>Informations importantes:<\/strong><br>les services de paiement n\u00e9cessaires \u00e0 la fourniture de nos services sont fournis par Easy Payment and Finance, E.P., S.A., (\u00ab Easy \u00bb) domicili\u00e9e Calle Leganitos 47, Planta 9\u00aa, 28008 Madrid (Espagne), avec le num\u00e9ro d&rsquo;identification fiscale A85785905, enregistr\u00e9e au Registre des Entreprises de Madrid, feuille M-488476, volume 27111. Easy est un \u00e9tablissement de paiement r\u00e9gul\u00e9 et supervis\u00e9 par la Banque d&rsquo;Espagne (C\/ Alcal\u00e1 48, 28014 Madrid, Espagne), inscrite \u00e0 son Registre sp\u00e9cial des institutions de paiement sous le num\u00e9ro 6849.<br>Easy et nous sommes des entit\u00e9s ind\u00e9pendantes et nous ne sommes pas un agent d&rsquo;Easy ni n&rsquo;agissent en tant qu&rsquo;agent d&rsquo;Easy, ni ne fournissons de services de paiement au nom de, au nom ou pour le compte d&rsquo;Easy.<br>La fourniture des services de paiement par Easy est soumise \u00e0 l&rsquo;abonnement pr\u00e9alable de votre part \u00e0 l&rsquo;Accord-cadre des services de paiement.   <\/p>\t\t\t\t\t\t\t\t<\/div>\n\t\t\t\t<\/div>\n\t\t\t\t\t<\/div>\n\t\t\t\t<\/div>\n\t\t<div class=\"elementor-element elementor-element-b5818a0 e-flex e-con-boxed wpr-particle-no wpr-jarallax-no wpr-parallax-no wpr-sticky-section-no e-con e-parent\" data-id=\"b5818a0\" data-element_type=\"container\">\n\t\t\t\t\t<div class=\"e-con-inner\">\n\t\t\t\t<div class=\"elementor-element elementor-element-73956fc elementor-widget elementor-widget-spacer\" data-id=\"73956fc\" data-element_type=\"widget\" data-widget_type=\"spacer.default\">\n\t\t\t\t<div class=\"elementor-widget-container\">\n\t\t\t\t\t\t\t<div class=\"elementor-spacer\">\n\t\t\t<div class=\"elementor-spacer-inner\"><\/div>\n\t\t<\/div>\n\t\t\t\t\t\t<\/div>\n\t\t\t\t<\/div>\n\t\t\t\t\t<\/div>\n\t\t\t\t<\/div>\n\t\t\t\t<\/div>\n\t\t","protected":false},"excerpt":{"rendered":"<p>Avertissement des paiements faciles Informations importantes:les services de paiement n\u00e9cessaires \u00e0 la fourniture de nos services sont fournis par Easy Payment and Finance, E.P., S.A., (\u00ab Easy \u00bb) domicili\u00e9e Calle Leganitos 47, Planta 9\u00aa, 28008 Madrid (Espagne), avec le num\u00e9ro d&rsquo;identification fiscale A85785905, enregistr\u00e9e au Registre des Entreprises de Madrid, feuille M-488476, volume 27111. Easy est un \u00e9tablissement de paiement r\u00e9gul\u00e9 et supervis\u00e9 par la Banque d&rsquo;Espagne (C\/ Alcal\u00e1 48, 28014 Madrid, Espagne), inscrite \u00e0 son Registre sp\u00e9cial des institutions de paiement sous le num\u00e9ro 6849.Easy et nous sommes des entit\u00e9s ind\u00e9pendantes et nous ne sommes pas un agent d&rsquo;Easy ni n&rsquo;agissent en tant qu&rsquo;agent d&rsquo;Easy, ni ne fournissons de services de paiement au nom de, au nom ou pour le compte d&rsquo;Easy.La fourniture des services de paiement par Easy est soumise \u00e0 l&rsquo;abonnement pr\u00e9alable de votre part \u00e0 l&rsquo;Accord-cadre des services de paiement.<\/p>\n","protected":false},"author":1,"featured_media":0,"parent":0,"menu_order":0,"comment_status":"closed","ping_status":"closed","template":"","meta":{"footnotes":""},"class_list":["post-3077","page","type-page","status-publish","hentry"],"yoast_head":"<!-- This site is optimized with the Yoast SEO plugin v26.3 - https:\/\/yoast.com\/wordpress\/plugins\/seo\/ -->\n<title>Avertissement des paiements faciles - YourAdn<\/title>\n<meta name=\"robots\" content=\"index, follow, max-snippet:-1, max-image-preview:large, max-video-preview:-1\" \/>\n<link rel=\"canonical\" href=\"https:\/\/www.youradn.com\/fr\/avertissement-des-paiements-faciles\/\" \/>\n<meta property=\"og:locale\" content=\"fr_FR\" \/>\n<meta property=\"og:type\" content=\"article\" \/>\n<meta property=\"og:title\" content=\"Avertissement des paiements faciles - YourAdn\" \/>\n<meta property=\"og:description\" content=\"Avertissement des paiements faciles Informations importantes:les services de paiement n\u00e9cessaires \u00e0 la fourniture de nos services sont fournis par Easy Payment and Finance, E.P., S.A., (\u00ab Easy \u00bb) domicili\u00e9e Calle Leganitos 47, Planta 9\u00aa, 28008 Madrid (Espagne), avec le num\u00e9ro d&rsquo;identification fiscale A85785905, enregistr\u00e9e au Registre des Entreprises de Madrid, feuille M-488476, volume 27111. Easy est un \u00e9tablissement de paiement r\u00e9gul\u00e9 et supervis\u00e9 par la Banque d&rsquo;Espagne (C\/ Alcal\u00e1 48, 28014 Madrid, Espagne), inscrite \u00e0 son Registre sp\u00e9cial des institutions de paiement sous le num\u00e9ro 6849.Easy et nous sommes des entit\u00e9s ind\u00e9pendantes et nous ne sommes pas un agent d&rsquo;Easy ni n&rsquo;agissent en tant qu&rsquo;agent d&rsquo;Easy, ni ne fournissons de services de paiement au nom de, au nom ou pour le compte d&rsquo;Easy.La fourniture des services de paiement par Easy est soumise \u00e0 l&rsquo;abonnement pr\u00e9alable de votre part \u00e0 l&rsquo;Accord-cadre des services de paiement.\" \/>\n<meta property=\"og:url\" content=\"https:\/\/www.youradn.com\/fr\/avertissement-des-paiements-faciles\/\" \/>\n<meta property=\"og:site_name\" content=\"YourAdn\" \/>\n<meta property=\"article:modified_time\" content=\"2026-01-26T09:49:59+00:00\" \/>\n<meta name=\"twitter:card\" content=\"summary_large_image\" \/>\n<meta name=\"twitter:label1\" content=\"Dur\u00e9e de lecture estim\u00e9e\" \/>\n\t<meta name=\"twitter:data1\" content=\"1 minute\" \/>\n<script type=\"application\/ld+json\" class=\"yoast-schema-graph\">{\"@context\":\"https:\/\/schema.org\",\"@graph\":[{\"@type\":\"WebPage\",\"@id\":\"https:\/\/www.youradn.com\/fr\/avertissement-des-paiements-faciles\/\",\"url\":\"https:\/\/www.youradn.com\/fr\/avertissement-des-paiements-faciles\/\",\"name\":\"Avertissement des paiements faciles - YourAdn\",\"isPartOf\":{\"@id\":\"https:\/\/www.youradn.com\/#website\"},\"datePublished\":\"2026-01-16T16:26:09+00:00\",\"dateModified\":\"2026-01-26T09:49:59+00:00\",\"breadcrumb\":{\"@id\":\"https:\/\/www.youradn.com\/fr\/avertissement-des-paiements-faciles\/#breadcrumb\"},\"inLanguage\":\"fr-FR\",\"potentialAction\":[{\"@type\":\"ReadAction\",\"target\":[\"https:\/\/www.youradn.com\/fr\/avertissement-des-paiements-faciles\/\"]}]},{\"@type\":\"BreadcrumbList\",\"@id\":\"https:\/\/www.youradn.com\/fr\/avertissement-des-paiements-faciles\/#breadcrumb\",\"itemListElement\":[{\"@type\":\"ListItem\",\"position\":1,\"name\":\"Home\",\"item\":\"https:\/\/www.youradn.com\/\"},{\"@type\":\"ListItem\",\"position\":2,\"name\":\"Avertissement des paiements faciles\"}]},{\"@type\":\"WebSite\",\"@id\":\"https:\/\/www.youradn.com\/#website\",\"url\":\"https:\/\/www.youradn.com\/\",\"name\":\"YourAdn\",\"description\":\"\",\"publisher\":{\"@id\":\"https:\/\/www.youradn.com\/#organization\"},\"potentialAction\":[{\"@type\":\"SearchAction\",\"target\":{\"@type\":\"EntryPoint\",\"urlTemplate\":\"https:\/\/www.youradn.com\/?s={search_term_string}\"},\"query-input\":{\"@type\":\"PropertyValueSpecification\",\"valueRequired\":true,\"valueName\":\"search_term_string\"}}],\"inLanguage\":\"fr-FR\"},{\"@type\":\"Organization\",\"@id\":\"https:\/\/www.youradn.com\/#organization\",\"name\":\"YourAdn\",\"url\":\"https:\/\/www.youradn.com\/\",\"logo\":{\"@type\":\"ImageObject\",\"inLanguage\":\"fr-FR\",\"@id\":\"https:\/\/www.youradn.com\/#\/schema\/logo\/image\/\",\"url\":\"https:\/\/www.youradn.com\/wp-content\/uploads\/2025\/05\/Logo-ADN.png\",\"contentUrl\":\"https:\/\/www.youradn.com\/wp-content\/uploads\/2025\/05\/Logo-ADN.png\",\"width\":1280,\"height\":546,\"caption\":\"YourAdn\"},\"image\":{\"@id\":\"https:\/\/www.youradn.com\/#\/schema\/logo\/image\/\"}}]}<\/script>\n<!-- \/ Yoast SEO plugin. -->","yoast_head_json":{"title":"Avertissement des paiements faciles - YourAdn","robots":{"index":"index","follow":"follow","max-snippet":"max-snippet:-1","max-image-preview":"max-image-preview:large","max-video-preview":"max-video-preview:-1"},"canonical":"https:\/\/www.youradn.com\/fr\/avertissement-des-paiements-faciles\/","og_locale":"fr_FR","og_type":"article","og_title":"Avertissement des paiements faciles - YourAdn","og_description":"Avertissement des paiements faciles Informations importantes:les services de paiement n\u00e9cessaires \u00e0 la fourniture de nos services sont fournis par Easy Payment and Finance, E.P., S.A., (\u00ab Easy \u00bb) domicili\u00e9e Calle Leganitos 47, Planta 9\u00aa, 28008 Madrid (Espagne), avec le num\u00e9ro d&rsquo;identification fiscale A85785905, enregistr\u00e9e au Registre des Entreprises de Madrid, feuille M-488476, volume 27111. Easy est un \u00e9tablissement de paiement r\u00e9gul\u00e9 et supervis\u00e9 par la Banque d&rsquo;Espagne (C\/ Alcal\u00e1 48, 28014 Madrid, Espagne), inscrite \u00e0 son Registre sp\u00e9cial des institutions de paiement sous le num\u00e9ro 6849.Easy et nous sommes des entit\u00e9s ind\u00e9pendantes et nous ne sommes pas un agent d&rsquo;Easy ni n&rsquo;agissent en tant qu&rsquo;agent d&rsquo;Easy, ni ne fournissons de services de paiement au nom de, au nom ou pour le compte d&rsquo;Easy.La fourniture des services de paiement par Easy est soumise \u00e0 l&rsquo;abonnement pr\u00e9alable de votre part \u00e0 l&rsquo;Accord-cadre des services de paiement.","og_url":"https:\/\/www.youradn.com\/fr\/avertissement-des-paiements-faciles\/","og_site_name":"YourAdn","article_modified_time":"2026-01-26T09:49:59+00:00","twitter_card":"summary_large_image","twitter_misc":{"Dur\u00e9e de lecture estim\u00e9e":"1 minute"},"schema":{"@context":"https:\/\/schema.org","@graph":[{"@type":"WebPage","@id":"https:\/\/www.youradn.com\/fr\/avertissement-des-paiements-faciles\/","url":"https:\/\/www.youradn.com\/fr\/avertissement-des-paiements-faciles\/","name":"Avertissement des paiements faciles - YourAdn","isPartOf":{"@id":"https:\/\/www.youradn.com\/#website"},"datePublished":"2026-01-16T16:26:09+00:00","dateModified":"2026-01-26T09:49:59+00:00","breadcrumb":{"@id":"https:\/\/www.youradn.com\/fr\/avertissement-des-paiements-faciles\/#breadcrumb"},"inLanguage":"fr-FR","potentialAction":[{"@type":"ReadAction","target":["https:\/\/www.youradn.com\/fr\/avertissement-des-paiements-faciles\/"]}]},{"@type":"BreadcrumbList","@id":"https:\/\/www.youradn.com\/fr\/avertissement-des-paiements-faciles\/#breadcrumb","itemListElement":[{"@type":"ListItem","position":1,"name":"Home","item":"https:\/\/www.youradn.com\/"},{"@type":"ListItem","position":2,"name":"Avertissement des paiements faciles"}]},{"@type":"WebSite","@id":"https:\/\/www.youradn.com\/#website","url":"https:\/\/www.youradn.com\/","name":"YourAdn","description":"","publisher":{"@id":"https:\/\/www.youradn.com\/#organization"},"potentialAction":[{"@type":"SearchAction","target":{"@type":"EntryPoint","urlTemplate":"https:\/\/www.youradn.com\/?s={search_term_string}"},"query-input":{"@type":"PropertyValueSpecification","valueRequired":true,"valueName":"search_term_string"}}],"inLanguage":"fr-FR"},{"@type":"Organization","@id":"https:\/\/www.youradn.com\/#organization","name":"YourAdn","url":"https:\/\/www.youradn.com\/","logo":{"@type":"ImageObject","inLanguage":"fr-FR","@id":"https:\/\/www.youradn.com\/#\/schema\/logo\/image\/","url":"https:\/\/www.youradn.com\/wp-content\/uploads\/2025\/05\/Logo-ADN.png","contentUrl":"https:\/\/www.youradn.com\/wp-content\/uploads\/2025\/05\/Logo-ADN.png","width":1280,"height":546,"caption":"YourAdn"},"image":{"@id":"https:\/\/www.youradn.com\/#\/schema\/logo\/image\/"}}]}},"_links":{"self":[{"href":"https:\/\/www.youradn.com\/fr\/wp-json\/wp\/v2\/pages\/3077","targetHints":{"allow":["GET"]}}],"collection":[{"href":"https:\/\/www.youradn.com\/fr\/wp-json\/wp\/v2\/pages"}],"about":[{"href":"https:\/\/www.youradn.com\/fr\/wp-json\/wp\/v2\/types\/page"}],"author":[{"embeddable":true,"href":"https:\/\/www.youradn.com\/fr\/wp-json\/wp\/v2\/users\/1"}],"replies":[{"embeddable":true,"href":"https:\/\/www.youradn.com\/fr\/wp-json\/wp\/v2\/comments?post=3077"}],"version-history":[{"count":1,"href":"https:\/\/www.youradn.com\/fr\/wp-json\/wp\/v2\/pages\/3077\/revisions"}],"predecessor-version":[{"id":3078,"href":"https:\/\/www.youradn.com\/fr\/wp-json\/wp\/v2\/pages\/3077\/revisions\/3078"}],"wp:attachment":[{"href":"https:\/\/www.youradn.com\/fr\/wp-json\/wp\/v2\/media?parent=3077"}],"curies":[{"name":"wp","href":"https:\/\/api.w.org\/{rel}","templated":true}]}}