{"id":2494,"date":"2025-06-20T15:14:06","date_gmt":"2025-06-20T15:14:06","guid":{"rendered":"https:\/\/www.youradn.com\/prendre-rendez-vous-pour-une-consultation\/"},"modified":"2026-02-26T11:30:45","modified_gmt":"2026-02-26T11:30:45","slug":"prendre-rendez-vous-pour-une-consultation","status":"publish","type":"page","link":"https:\/\/www.youradn.com\/fr\/prendre-rendez-vous-pour-une-consultation\/","title":{"rendered":"PRENDRE RENDEZ-VOUS POUR UNE CONSULTATION"},"content":{"rendered":"\t\t<div data-elementor-type=\"wp-page\" data-elementor-id=\"2494\" class=\"elementor elementor-2494 elementor-1609\" data-elementor-post-type=\"page\">\n\t\t\t\t<div class=\"elementor-element elementor-element-09fbaad e-flex e-con-boxed wpr-particle-no wpr-jarallax-no wpr-parallax-no wpr-sticky-section-no e-con e-parent\" data-id=\"09fbaad\" data-element_type=\"container\" data-settings=\"{&quot;background_background&quot;:&quot;classic&quot;}\">\n\t\t\t\t\t<div class=\"e-con-inner\">\n\t\t\t\t<div class=\"elementor-element elementor-element-6c0d353 elementor-widget elementor-widget-text-editor\" data-id=\"6c0d353\" data-element_type=\"widget\" data-widget_type=\"text-editor.default\">\n\t\t\t\t<div class=\"elementor-widget-container\">\n\t\t\t\t\t\t\t\t\t<p>\u00c9crire<\/p>\t\t\t\t\t\t\t\t<\/div>\n\t\t\t\t<\/div>\n\t\t\t\t<div class=\"elementor-element elementor-element-1c25d0f elementor-widget elementor-widget-heading\" data-id=\"1c25d0f\" data-element_type=\"widget\" data-widget_type=\"heading.default\">\n\t\t\t\t<div class=\"elementor-widget-container\">\n\t\t\t\t\t<h1 class=\"elementor-heading-title elementor-size-default\">R\u00e9server une consultation<\/h1>\t\t\t\t<\/div>\n\t\t\t\t<\/div>\n\t\t\t\t\t<\/div>\n\t\t\t\t<\/div>\n\t\t<div class=\"elementor-element elementor-element-de52ec9 e-flex e-con-boxed wpr-particle-no wpr-jarallax-no wpr-parallax-no wpr-sticky-section-no e-con e-parent\" data-id=\"de52ec9\" data-element_type=\"container\">\n\t\t\t\t\t<div class=\"e-con-inner\">\n\t\t\t\t<div class=\"elementor-element elementor-element-5079a4c elementor-widget elementor-widget-spacer\" data-id=\"5079a4c\" data-element_type=\"widget\" data-widget_type=\"spacer.default\">\n\t\t\t\t<div class=\"elementor-widget-container\">\n\t\t\t\t\t\t\t<div class=\"elementor-spacer\">\n\t\t\t<div class=\"elementor-spacer-inner\"><\/div>\n\t\t<\/div>\n\t\t\t\t\t\t<\/div>\n\t\t\t\t<\/div>\n\t\t\t\t<div class=\"elementor-element elementor-element-9c2164b elementor-widget elementor-widget-heading\" data-id=\"9c2164b\" data-element_type=\"widget\" data-widget_type=\"heading.default\">\n\t\t\t\t<div class=\"elementor-widget-container\">\n\t\t\t\t\t<h2 class=\"elementor-heading-title elementor-size-default\">VOUS SEREZ CONTACT\u00c9 DANS LES PLUS BREFS D\u00c9LAIS<\/h2>\t\t\t\t<\/div>\n\t\t\t\t<\/div>\n\t\t\t\t\t<\/div>\n\t\t\t\t<\/div>\n\t\t<div class=\"elementor-element elementor-element-5d7c27f e-flex e-con-boxed wpr-particle-no wpr-jarallax-no wpr-parallax-no wpr-sticky-section-no e-con e-parent\" data-id=\"5d7c27f\" data-element_type=\"container\">\n\t\t\t\t\t<div class=\"e-con-inner\">\n\t\t\t\t<div class=\"elementor-element elementor-element-ce66855 elementor-button-align-end elementor-widget elementor-widget-form\" data-id=\"ce66855\" data-element_type=\"widget\" data-settings=\"{&quot;step_next_label&quot;:&quot;Next&quot;,&quot;step_previous_label&quot;:&quot;Previous&quot;,&quot;button_width&quot;:&quot;100&quot;,&quot;step_type&quot;:&quot;number_text&quot;,&quot;step_icon_shape&quot;:&quot;circle&quot;}\" data-widget_type=\"form.default\">\n\t\t\t\t<div class=\"elementor-widget-container\">\n\t\t\t\t\t<template id=\"cfef_logic_data_ce66855\" class=\"cfef_logic_data_js\" data-form-id=\"ce66855\">{&quot;field_0d5ba11&quot;:{&quot;display_mode&quot;:&quot;show&quot;,&quot;fire_action&quot;:&quot;All&quot;,&quot;file_types&quot;:&quot;png&quot;}}<\/template>\t\t<form class=\"elementor-form\" method=\"post\" name=\"Form registrazione\">\n\t\t\t<input type=\"hidden\" name=\"post_id\" value=\"2494\"\/>\n\t\t\t<input type=\"hidden\" name=\"form_id\" value=\"ce66855\"\/>\n\t\t\t<input type=\"hidden\" name=\"referer_title\" value=\"PRENDRE RENDEZ-VOUS POUR UNE CONSULTATION - YourAdn\" \/>\n\n\t\t\t\t\t\t\t<input type=\"hidden\" name=\"queried_id\" value=\"2494\"\/>\n\t\t\t\n\t\t\t<div class=\"elementor-form-fields-wrapper elementor-labels-above\">\n\t\t\t\t\t\t\t\t<div class=\"elementor-field-type-text elementor-field-group elementor-column elementor-field-group-name elementor-col-50\">\n\t\t\t\t\t\t\t\t\t\t\t\t\t<input size=\"1\" type=\"text\" name=\"form_fields[name]\" id=\"form-field-name\" class=\"elementor-field elementor-size-sm  elementor-field-textual\" placeholder=\"Nom\">\n\t\t\t\t\t\t\t\t\t\t\t<\/div>\n\t\t\t\t\t\t\t\t<div class=\"elementor-field-type-text elementor-field-group elementor-column elementor-field-group-field_7d7333f elementor-col-50\">\n\t\t\t\t\t\t\t\t\t\t\t\t\t<input size=\"1\" type=\"text\" name=\"form_fields[field_7d7333f]\" id=\"form-field-field_7d7333f\" class=\"elementor-field elementor-size-sm  elementor-field-textual\" placeholder=\"Nom de famille\">\n\t\t\t\t\t\t\t\t\t\t\t<\/div>\n\t\t\t\t\t\t\t\t<div class=\"elementor-field-type-email elementor-field-group elementor-column elementor-field-group-email elementor-col-50 elementor-field-required\">\n\t\t\t\t\t\t\t\t\t\t\t\t\t<input size=\"1\" type=\"email\" name=\"form_fields[email]\" id=\"form-field-email\" class=\"elementor-field elementor-size-sm  elementor-field-textual\" placeholder=\"Messagerie \u00e9lectronique\" required=\"required\">\n\t\t\t\t\t\t\t\t\t\t\t<\/div>\n\t\t\t\t\t\t\t\t<div class=\"elementor-field-type-tel elementor-field-group elementor-column elementor-field-group-field_d58b04c elementor-col-50 elementor-field-required\">\n\t\t\t\t\t<span class=\"ccfef-editor-intl-input\" data-id=\"form-field-field_d58b04c\" data-field-id=\"d58b04c\" data-default-country=\"it\" data-include-countries=\"\" data-exclude-countries=\"\" data-dial-code-visibility=\"show\" data-strict-mode=\"no\" style=\"display: none;\"><\/span>\t\t<input size=\"1\" type=\"tel\" name=\"form_fields[field_d58b04c]\" id=\"form-field-field_d58b04c\" class=\"elementor-field elementor-size-sm  elementor-field-textual\" placeholder=\"Num\u00e9ro de t\u00e9l\u00e9phone\" required=\"required\" pattern=\"[0-9()#&amp;+*-=.]+\" title=\"Seuls les caract\u00e8res de num\u00e9ros de t\u00e9l\u00e9phone (#, -, *, etc.) sont accept\u00e9s.\">\n\n\t\t\t\t\t\t<\/div>\n\t\t\t\t\t\t\t\t<div class=\"elementor-field-type-select elementor-field-group elementor-column elementor-field-group-field_b678c7d elementor-col-100 elementor-field-required\">\n\t\t\t\t\t\t\t\t\t\t\t\t<label for=\"form-field-field_b678c7d\" class=\"elementor-field-label\">\n\t\t\t\t\t\t\t\tChoisissez un sujet\t\t\t\t\t\t\t<\/label>\n\t\t\t\t\t\t\t\t<div class=\"elementor-field elementor-select-wrapper remove-before \">\n\t\t\t<div class=\"select-caret-down-wrapper\">\n\t\t\t\t<svg aria-hidden=\"true\" class=\"e-font-icon-svg e-eicon-caret-down\" viewBox=\"0 0 571.4 571.4\" xmlns=\"http:\/\/www.w3.org\/2000\/svg\"><path d=\"M571 393Q571 407 561 418L311 668Q300 679 286 679T261 668L11 418Q0 407 0 393T11 368 36 357H536Q550 357 561 368T571 393Z\"><\/path><\/svg>\t\t\t<\/div>\n\t\t\t<select name=\"form_fields[field_b678c7d]\" id=\"form-field-field_b678c7d\" class=\"elementor-field-textual elementor-size-sm\" required=\"required\">\n\t\t\t\t\t\t\t\t\t<option value=\"Conseil dans le domaine des crypto-actifs\">Conseil dans le domaine des crypto-actifs<\/option>\n\t\t\t\t\t\t\t\t\t<option value=\"Conseil dans le domaine des syst\u00e8mes de paiement\">Conseil dans le domaine des syst\u00e8mes de paiement<\/option>\n\t\t\t\t\t\t\t\t\t<option value=\"Conseil en gestion de portefeuille de crypto-actifs\">Conseil en gestion de portefeuille de crypto-actifs<\/option>\n\t\t\t\t\t\t\t\t\t<option value=\"Conseil en syst\u00e8mes de tokenisation pour les processus industriels\">Conseil en syst\u00e8mes de tokenisation pour les processus industriels<\/option>\n\t\t\t\t\t\t\t\t\t<option value=\"Conseil pour le d\u00e9veloppement de projets POAP\">Conseil pour le d\u00e9veloppement de projets POAP<\/option>\n\t\t\t\t\t\t\t\t\t<option value=\"Conseil en gestion de tr\u00e9sorerie \u00e0 l\u2019aide de syst\u00e8mes de tokenisation\">Conseil en gestion de tr\u00e9sorerie \u00e0 l\u2019aide de syst\u00e8mes de tokenisation<\/option>\n\t\t\t\t\t\t\t\t\t<option value=\"Conseil en syst\u00e8mes de tokenisation pour la fid\u00e9lisation des clients\">Conseil en syst\u00e8mes de tokenisation pour la fid\u00e9lisation des clients<\/option>\n\t\t\t\t\t\t\t<\/select>\n\t\t<\/div>\n\t\t\t\t\t\t<\/div>\n\t\t\t\t\t\t\t\t<div class=\"elementor-field-type-radio elementor-field-group elementor-column elementor-field-group-field_0d5ba11 elementor-col-100 elementor-field-required\">\n\t\t\t\t\t<div class=\"elementor-field-subgroup  elementor-subgroup-inline\"><span class=\"elementor-field-option\"><input type=\"radio\" value=\"Priv\u00e9\" id=\"form-field-field_0d5ba11-0\" name=\"form_fields[field_0d5ba11]\" required=\"required\"> <label for=\"form-field-field_0d5ba11-0\">Priv\u00e9<\/label><\/span><span class=\"elementor-field-option\"><input type=\"radio\" value=\"Compagnie\" id=\"form-field-field_0d5ba11-1\" name=\"form_fields[field_0d5ba11]\" required=\"required\"> <label for=\"form-field-field_0d5ba11-1\">Compagnie<\/label><\/span><\/div>\t\t\t\t<\/div>\n\t\t\t\t\t\t\t\t<div class=\"elementor-field-type-text elementor-field-group elementor-column elementor-field-group-field_c09a947 elementor-col-100 elementor-field-required\">\n\t\t\t\t\t\t\t\t\t\t\t\t\t<input size=\"1\" type=\"text\" name=\"form_fields[field_c09a947]\" id=\"form-field-field_c09a947\" class=\"elementor-field elementor-size-sm  elementor-field-textual\" placeholder=\"Nom de l&#039;entreprise\" required=\"required\">\n\t\t\t\t\t\t\t\t\t\t\t<\/div>\n\t\t\t\t\t\t\t\t<div class=\"elementor-field-type-text elementor-field-group elementor-column elementor-field-group-field_e18f2c5 elementor-col-100 elementor-field-required\">\n\t\t\t\t\t\t\t\t\t\t\t\t\t<input size=\"1\" type=\"text\" name=\"form_fields[field_e18f2c5]\" id=\"form-field-field_e18f2c5\" class=\"elementor-field elementor-size-sm  elementor-field-textual\" placeholder=\"Num\u00e9ro de TVA\" required=\"required\">\n\t\t\t\t\t\t\t\t\t\t\t<\/div>\n\t\t\t\t\t\t\t\t<div class=\"elementor-field-type-text elementor-field-group elementor-column elementor-field-group-field_27f7ee0 elementor-col-100 elementor-field-required\">\n\t\t\t\t\t\t\t\t\t\t\t\t\t<input size=\"1\" type=\"text\" name=\"form_fields[field_27f7ee0]\" id=\"form-field-field_27f7ee0\" class=\"elementor-field elementor-size-sm  elementor-field-textual\" placeholder=\"Profession\" required=\"required\">\n\t\t\t\t\t\t\t\t\t\t\t<\/div>\n\t\t\t\t\t\t\t\t<div class=\"elementor-field-type-text elementor-field-group elementor-column elementor-field-group-field_37e0fde elementor-col-100 elementor-field-required\">\n\t\t\t\t\t\t\t\t\t\t\t\t\t<input size=\"1\" type=\"text\" name=\"form_fields[field_37e0fde]\" id=\"form-field-field_37e0fde\" class=\"elementor-field elementor-size-sm  elementor-field-textual\" placeholder=\"Quel est le motif principal de votre demande ?\" required=\"required\">\n\t\t\t\t\t\t\t\t\t\t\t<\/div>\n\t\t\t\t\t\t\t\t<div class=\"elementor-field-type-textarea elementor-field-group elementor-column elementor-field-group-field_7413066 elementor-col-100\">\n\t\t\t\t\t<textarea class=\"elementor-field-textual elementor-field  elementor-size-sm\" name=\"form_fields[field_7413066]\" id=\"form-field-field_7413066\" rows=\"4\" placeholder=\"Message\"><\/textarea>\t\t\t\t<\/div>\n\t\t\t\t\t\t\t\t<div class=\"elementor-field-type-checkbox elementor-field-group elementor-column elementor-field-group-field_7f6a5df elementor-col-100\">\n\t\t\t\t\t<div class=\"elementor-field-subgroup  \"><span class=\"elementor-field-option\"><input type=\"checkbox\" value=\"En continuant, vous acceptez les &lt;a href=&quot;https:\/\/www.youradn.com\/fr\/termes-et-conditions\/&quot; target=&quot;_blank&quot; rel=&quot;noopener noreferrer&quot;&gt;Conditions d&#039;utilisation&lt;\/a&gt; et reconnaissez en outre que vous avez lu et compris notre &lt;a href=&quot;https:\/\/www.youradn.com\/fr\/informations-sur-la-protection-des-donnees-pour-le-traitement-des-donnees-a-caractere-personnel\/&quot; target=&quot;_blank&quot; rel=&quot;noopener noreferrer&quot;&gt;Politique de confidentialit\u00e9&lt;\/a&gt;.\" id=\"form-field-field_7f6a5df-0\" name=\"form_fields[field_7f6a5df]\"> <label for=\"form-field-field_7f6a5df-0\">En continuant, vous acceptez les <a href=\"https:\/\/www.youradn.com\/fr\/termes-et-conditions\/\" target=\"_blank\" rel=\"noopener noreferrer\">Conditions d'utilisation<\/a> et reconnaissez en outre que vous avez lu et compris notre <a href=\"https:\/\/www.youradn.com\/fr\/informations-sur-la-protection-des-donnees-pour-le-traitement-des-donnees-a-caractere-personnel\/\" target=\"_blank\" rel=\"noopener noreferrer\">Politique de confidentialit\u00e9<\/a>.<\/label><\/span><\/div>\t\t\t\t<\/div>\n\t\t\t\t\t\t\t\t<div class=\"elementor-field-type-checkbox elementor-field-group elementor-column elementor-field-group-field_0be975f elementor-col-100\">\n\t\t\t\t\t<div class=\"elementor-field-subgroup  \"><span class=\"elementor-field-option\"><input type=\"checkbox\" value=\"Par la pr\u00e9sente, j&#039;autorise l&#039;interm\u00e9diaire charg\u00e9 de fournir des conseils sur le sujet que j&#039;ai indiqu\u00e9 \u00e0 utiliser mes donn\u00e9es.\" id=\"form-field-field_0be975f-0\" name=\"form_fields[field_0be975f]\"> <label for=\"form-field-field_0be975f-0\">Par la pr\u00e9sente, j'autorise l'interm\u00e9diaire charg\u00e9 de fournir des conseils sur le sujet que j'ai indiqu\u00e9 \u00e0 utiliser mes donn\u00e9es.<\/label><\/span><\/div>\t\t\t\t<\/div>\n\t\t\t\t\t\t\t\t<div class=\"elementor-field-type-html elementor-field-group elementor-column elementor-field-group-field_d614e44 elementor-col-100\">\n\t\t\t\t\tLa plateforme YourADN vous permet de recevoir des informations trait\u00e9es par diff\u00e9rents interm\u00e9diaires conform\u00e9ment aux autorisations obtenues aupr\u00e8s des autorit\u00e9s comp\u00e9tentes. Veuillez noter qu'en s\u00e9lectionnant un sujet pr\u00e9cis, votre demande sera automatiquement transmise \u00e0 l'interm\u00e9diaire autoris\u00e9. En soumettant votre demande, vous autorisez express\u00e9ment cet interm\u00e9diaire \u00e0 vous contacter directement afin de vous fournir des informations concernant le sujet indiqu\u00e9.\t\t\t\t<\/div>\n\t\t\t\t\t\t\t\t<div class=\"elementor-field-group elementor-column elementor-field-type-submit elementor-col-100 e-form__buttons\">\n\t\t\t\t\t<button class=\"elementor-button elementor-size-sm\" type=\"submit\">\n\t\t\t\t\t\t<span class=\"elementor-button-content-wrapper\">\n\t\t\t\t\t\t\t\t\t\t\t\t\t\t\t\t\t\t\t\t\t\t<span class=\"elementor-button-text\">ENVOYER<\/span>\n\t\t\t\t\t\t\t\t\t\t\t\t\t<\/span>\n\t\t\t\t\t<\/button>\n\t\t\t\t<\/div>\n\t\t\t<\/div>\n\t\t<\/form>\n\t\t\t\t\t\t<\/div>\n\t\t\t\t<\/div>\n\t\t\t\t<div class=\"elementor-element elementor-element-5576078 elementor-widget elementor-widget-html\" data-id=\"5576078\" data-element_type=\"widget\" data-widget_type=\"html.default\">\n\t\t\t\t<div class=\"elementor-widget-container\">\n\t\t\t\t\t\r\n<script>window.addEventListener('load', function() {\r\n  \/\/ Prendo il form\r\n  const form = document.querySelector('.elementor-form[name=\"Form registrazione\"]');\r\n  if (!form) return;\r\n\r\n  \/\/ Tutti i radio Privato\/Azienda\r\n  const radios = form.querySelectorAll('input[name=\"form_fields[field_0d5ba11]\"]');\r\n\r\n  \/\/ Mappatura valore \u21d2 array di ID degli input da mostrare\r\n  const mapping = {\r\n    'Privato': [\r\n      'form-field-field_27f7ee0', \r\n      'form-field-field_37e0fde'\r\n    ],\r\n    'Azienda': [\r\n      'form-field-field_c09a947', \r\n      'form-field-field_e18f2c5'\r\n    ]\r\n  };\r\n\r\n  \/\/ Lista di tutti gli ID condizionali\r\n  const allIds = Object.values(mapping).flat();\r\n\r\n  \/\/ Funzione per nascondere TUTTI i campi condizionali\r\n  function hideAll() {\r\n    allIds.forEach(id => {\r\n      const inp = form.querySelector('#' + id);\r\n      if (inp) {\r\n        const wrapper = inp.closest('.elementor-field-group');\r\n        if (wrapper) wrapper.style.display = 'none';\r\n      }\r\n    });\r\n  }\r\n\r\n  \/\/ Funzione per mostrare solo i campi dell\u2019array ids\r\n  function show(ids) {\r\n    ids.forEach(id => {\r\n      const inp = form.querySelector('#' + id);\r\n      if (inp) {\r\n        const wrapper = inp.closest('.elementor-field-group');\r\n        if (wrapper) wrapper.style.display = 'block';\r\n      }\r\n    });\r\n  }\r\n\r\n  \/\/ Alla partenza, nascondo tutto\r\n  hideAll();\r\n\r\n  \/\/ Quando cambio selezione\r\n  radios.forEach(radio => {\r\n    radio.addEventListener('change', function() {\r\n      hideAll();\r\n      const val = this.value.trim();       \/\/ togli eventuale spazio in pi\u00f9\r\n      show(mapping[val] || []);\r\n    });\r\n  });\r\n});\r\n<\/script>\t\t\t\t<\/div>\n\t\t\t\t<\/div>\n\t\t\t\t\t<\/div>\n\t\t\t\t<\/div>\n\t\t\t\t<\/div>\n\t\t","protected":false},"excerpt":{"rendered":"<p>\u00c9crire R\u00e9server une consultation VOUS SEREZ CONTACT\u00c9 DANS LES PLUS BREFS D\u00c9LAIS<\/p>\n","protected":false},"author":1,"featured_media":0,"parent":0,"menu_order":0,"comment_status":"closed","ping_status":"closed","template":"","meta":{"footnotes":""},"class_list":["post-2494","page","type-page","status-publish","hentry"],"yoast_head":"<!-- This site is optimized with the Yoast SEO plugin v26.3 - https:\/\/yoast.com\/wordpress\/plugins\/seo\/ -->\n<title>PRENDRE RENDEZ-VOUS POUR UNE CONSULTATION - YourAdn<\/title>\n<meta name=\"robots\" content=\"index, follow, max-snippet:-1, max-image-preview:large, max-video-preview:-1\" \/>\n<link rel=\"canonical\" href=\"https:\/\/www.youradn.com\/prenota-una-consulenza\/\" \/>\n<meta property=\"og:locale\" content=\"fr_FR\" \/>\n<meta property=\"og:type\" content=\"article\" \/>\n<meta property=\"og:title\" content=\"PRENDRE RENDEZ-VOUS POUR UNE CONSULTATION - YourAdn\" \/>\n<meta property=\"og:description\" content=\"\u00c9crire R\u00e9server une consultation VOUS SEREZ CONTACT\u00c9 DANS LES PLUS BREFS D\u00c9LAIS\" \/>\n<meta property=\"og:url\" content=\"https:\/\/www.youradn.com\/prenota-una-consulenza\/\" \/>\n<meta property=\"og:site_name\" content=\"YourAdn\" \/>\n<meta property=\"article:modified_time\" content=\"2026-02-26T11:30:45+00:00\" \/>\n<meta name=\"twitter:card\" content=\"summary_large_image\" \/>\n<meta name=\"twitter:label1\" content=\"Dur\u00e9e de lecture estim\u00e9e\" \/>\n\t<meta name=\"twitter:data1\" content=\"4 minutes\" \/>\n<script type=\"application\/ld+json\" class=\"yoast-schema-graph\">{\"@context\":\"https:\/\/schema.org\",\"@graph\":[{\"@type\":\"WebPage\",\"@id\":\"https:\/\/www.youradn.com\/prenota-una-consulenza\/\",\"url\":\"https:\/\/www.youradn.com\/prenota-una-consulenza\/\",\"name\":\"PRENDRE RENDEZ-VOUS POUR UNE CONSULTATION - YourAdn\",\"isPartOf\":{\"@id\":\"https:\/\/www.youradn.com\/#website\"},\"datePublished\":\"2025-06-20T15:14:06+00:00\",\"dateModified\":\"2026-02-26T11:30:45+00:00\",\"breadcrumb\":{\"@id\":\"https:\/\/www.youradn.com\/prenota-una-consulenza\/#breadcrumb\"},\"inLanguage\":\"fr-FR\",\"potentialAction\":[{\"@type\":\"ReadAction\",\"target\":[\"https:\/\/www.youradn.com\/prenota-una-consulenza\/\"]}]},{\"@type\":\"BreadcrumbList\",\"@id\":\"https:\/\/www.youradn.com\/prenota-una-consulenza\/#breadcrumb\",\"itemListElement\":[{\"@type\":\"ListItem\",\"position\":1,\"name\":\"Home\",\"item\":\"https:\/\/www.youradn.com\/\"},{\"@type\":\"ListItem\",\"position\":2,\"name\":\"PRENDRE RENDEZ-VOUS POUR UNE CONSULTATION\"}]},{\"@type\":\"WebSite\",\"@id\":\"https:\/\/www.youradn.com\/#website\",\"url\":\"https:\/\/www.youradn.com\/\",\"name\":\"YourAdn\",\"description\":\"\",\"publisher\":{\"@id\":\"https:\/\/www.youradn.com\/#organization\"},\"potentialAction\":[{\"@type\":\"SearchAction\",\"target\":{\"@type\":\"EntryPoint\",\"urlTemplate\":\"https:\/\/www.youradn.com\/?s={search_term_string}\"},\"query-input\":{\"@type\":\"PropertyValueSpecification\",\"valueRequired\":true,\"valueName\":\"search_term_string\"}}],\"inLanguage\":\"fr-FR\"},{\"@type\":\"Organization\",\"@id\":\"https:\/\/www.youradn.com\/#organization\",\"name\":\"YourAdn\",\"url\":\"https:\/\/www.youradn.com\/\",\"logo\":{\"@type\":\"ImageObject\",\"inLanguage\":\"fr-FR\",\"@id\":\"https:\/\/www.youradn.com\/#\/schema\/logo\/image\/\",\"url\":\"https:\/\/www.youradn.com\/wp-content\/uploads\/2025\/05\/Logo-ADN.png\",\"contentUrl\":\"https:\/\/www.youradn.com\/wp-content\/uploads\/2025\/05\/Logo-ADN.png\",\"width\":1280,\"height\":546,\"caption\":\"YourAdn\"},\"image\":{\"@id\":\"https:\/\/www.youradn.com\/#\/schema\/logo\/image\/\"}}]}<\/script>\n<!-- \/ Yoast SEO plugin. -->","yoast_head_json":{"title":"PRENDRE RENDEZ-VOUS POUR UNE CONSULTATION - YourAdn","robots":{"index":"index","follow":"follow","max-snippet":"max-snippet:-1","max-image-preview":"max-image-preview:large","max-video-preview":"max-video-preview:-1"},"canonical":"https:\/\/www.youradn.com\/prenota-una-consulenza\/","og_locale":"fr_FR","og_type":"article","og_title":"PRENDRE RENDEZ-VOUS POUR UNE CONSULTATION - YourAdn","og_description":"\u00c9crire R\u00e9server une consultation VOUS SEREZ CONTACT\u00c9 DANS LES PLUS BREFS D\u00c9LAIS","og_url":"https:\/\/www.youradn.com\/prenota-una-consulenza\/","og_site_name":"YourAdn","article_modified_time":"2026-02-26T11:30:45+00:00","twitter_card":"summary_large_image","twitter_misc":{"Dur\u00e9e de lecture estim\u00e9e":"4 minutes"},"schema":{"@context":"https:\/\/schema.org","@graph":[{"@type":"WebPage","@id":"https:\/\/www.youradn.com\/prenota-una-consulenza\/","url":"https:\/\/www.youradn.com\/prenota-una-consulenza\/","name":"PRENDRE RENDEZ-VOUS POUR UNE CONSULTATION - YourAdn","isPartOf":{"@id":"https:\/\/www.youradn.com\/#website"},"datePublished":"2025-06-20T15:14:06+00:00","dateModified":"2026-02-26T11:30:45+00:00","breadcrumb":{"@id":"https:\/\/www.youradn.com\/prenota-una-consulenza\/#breadcrumb"},"inLanguage":"fr-FR","potentialAction":[{"@type":"ReadAction","target":["https:\/\/www.youradn.com\/prenota-una-consulenza\/"]}]},{"@type":"BreadcrumbList","@id":"https:\/\/www.youradn.com\/prenota-una-consulenza\/#breadcrumb","itemListElement":[{"@type":"ListItem","position":1,"name":"Home","item":"https:\/\/www.youradn.com\/"},{"@type":"ListItem","position":2,"name":"PRENDRE RENDEZ-VOUS POUR UNE CONSULTATION"}]},{"@type":"WebSite","@id":"https:\/\/www.youradn.com\/#website","url":"https:\/\/www.youradn.com\/","name":"YourAdn","description":"","publisher":{"@id":"https:\/\/www.youradn.com\/#organization"},"potentialAction":[{"@type":"SearchAction","target":{"@type":"EntryPoint","urlTemplate":"https:\/\/www.youradn.com\/?s={search_term_string}"},"query-input":{"@type":"PropertyValueSpecification","valueRequired":true,"valueName":"search_term_string"}}],"inLanguage":"fr-FR"},{"@type":"Organization","@id":"https:\/\/www.youradn.com\/#organization","name":"YourAdn","url":"https:\/\/www.youradn.com\/","logo":{"@type":"ImageObject","inLanguage":"fr-FR","@id":"https:\/\/www.youradn.com\/#\/schema\/logo\/image\/","url":"https:\/\/www.youradn.com\/wp-content\/uploads\/2025\/05\/Logo-ADN.png","contentUrl":"https:\/\/www.youradn.com\/wp-content\/uploads\/2025\/05\/Logo-ADN.png","width":1280,"height":546,"caption":"YourAdn"},"image":{"@id":"https:\/\/www.youradn.com\/#\/schema\/logo\/image\/"}}]}},"_links":{"self":[{"href":"https:\/\/www.youradn.com\/fr\/wp-json\/wp\/v2\/pages\/2494","targetHints":{"allow":["GET"]}}],"collection":[{"href":"https:\/\/www.youradn.com\/fr\/wp-json\/wp\/v2\/pages"}],"about":[{"href":"https:\/\/www.youradn.com\/fr\/wp-json\/wp\/v2\/types\/page"}],"author":[{"embeddable":true,"href":"https:\/\/www.youradn.com\/fr\/wp-json\/wp\/v2\/users\/1"}],"replies":[{"embeddable":true,"href":"https:\/\/www.youradn.com\/fr\/wp-json\/wp\/v2\/comments?post=2494"}],"version-history":[{"count":7,"href":"https:\/\/www.youradn.com\/fr\/wp-json\/wp\/v2\/pages\/2494\/revisions"}],"predecessor-version":[{"id":3286,"href":"https:\/\/www.youradn.com\/fr\/wp-json\/wp\/v2\/pages\/2494\/revisions\/3286"}],"wp:attachment":[{"href":"https:\/\/www.youradn.com\/fr\/wp-json\/wp\/v2\/media?parent=2494"}],"curies":[{"name":"wp","href":"https:\/\/api.w.org\/{rel}","templated":true}]}}