{"id":3126,"date":"2026-01-20T08:46:26","date_gmt":"2026-01-20T08:46:26","guid":{"rendered":"https:\/\/www.youradn.com\/quejas-recursos-conciliacion-de-dinero-electronico\/"},"modified":"2026-01-28T11:10:50","modified_gmt":"2026-01-28T11:10:50","slug":"quejas-recursos-conciliacion-de-dinero-electronico","status":"publish","type":"page","link":"https:\/\/www.youradn.com\/es\/quejas-recursos-conciliacion-de-dinero-electronico\/","title":{"rendered":"Quejas, recursos, conciliaci\u00f3n de dinero electr\u00f3nico"},"content":{"rendered":"\t\t<div data-elementor-type=\"wp-page\" data-elementor-id=\"3126\" class=\"elementor elementor-3126 elementor-2879\" data-elementor-post-type=\"page\">\n\t\t\t\t<div class=\"elementor-element elementor-element-0d81e95 e-flex e-con-boxed wpr-particle-no wpr-jarallax-no wpr-parallax-no wpr-sticky-section-no e-con e-parent\" data-id=\"0d81e95\" data-element_type=\"container\">\n\t\t\t\t\t<div class=\"e-con-inner\">\n\t\t\t\t<div class=\"elementor-element elementor-element-85f8c10 elementor-widget elementor-widget-spacer\" data-id=\"85f8c10\" data-element_type=\"widget\" data-widget_type=\"spacer.default\">\n\t\t\t\t<div class=\"elementor-widget-container\">\n\t\t\t\t\t\t\t<div class=\"elementor-spacer\">\n\t\t\t<div class=\"elementor-spacer-inner\"><\/div>\n\t\t<\/div>\n\t\t\t\t\t\t<\/div>\n\t\t\t\t<\/div>\n\t\t\t\t\t<\/div>\n\t\t\t\t<\/div>\n\t\t<div class=\"elementor-element elementor-element-81df0da e-flex e-con-boxed wpr-particle-no wpr-jarallax-no wpr-parallax-no wpr-sticky-section-no e-con e-parent\" data-id=\"81df0da\" data-element_type=\"container\">\n\t\t\t\t\t<div class=\"e-con-inner\">\n\t\t\t\t<div class=\"elementor-element elementor-element-21ff8ae elementor-widget elementor-widget-heading\" data-id=\"21ff8ae\" data-element_type=\"widget\" data-widget_type=\"heading.default\">\n\t\t\t\t<div class=\"elementor-widget-container\">\n\t\t\t\t\t<h1 class=\"elementor-heading-title elementor-size-default\">Quejas, recursos, conciliaci\u00f3n de dinero electr\u00f3nico.<\/h1>\t\t\t\t<\/div>\n\t\t\t\t<\/div>\n\t\t\t\t\t<\/div>\n\t\t\t\t<\/div>\n\t\t<div class=\"elementor-element elementor-element-1f1c832 e-flex e-con-boxed wpr-particle-no wpr-jarallax-no wpr-parallax-no wpr-sticky-section-no e-con e-parent\" data-id=\"1f1c832\" data-element_type=\"container\">\n\t\t\t\t\t<div class=\"e-con-inner\">\n\t\t\t\t<div class=\"elementor-element elementor-element-4596678 elementor-widget elementor-widget-text-editor\" data-id=\"4596678\" data-element_type=\"widget\" data-widget_type=\"text-editor.default\">\n\t\t\t\t<div class=\"elementor-widget-container\">\n\t\t\t\t\t\t\t\t\t<p>En caso de que surja una disputa entre el Cliente y YOURADN relacionada con productos y servicios PRESTADOS, el Cliente podr\u00e1 presentar una queja a YOURADN rellenando <a href=\"#form_reclami\">el formulario correspondiente <\/a>en la p\u00e1gina web, o enviando una comunicaci\u00f3n (por correo certificado con acuse de recibo, correo ordinario, correo electr\u00f3nico, PEC o Fax) a una de las direcciones indicadas a continuaci\u00f3n:<\/p><p>TOGO INFINITY LTD<br>Satisfacci\u00f3n del Cliente y Reclamaciones Italia<br>Block 4 Harcourt Centre, Harcourt Road 2, Dubl\u00edn, Irlanda, D02 HW77<br>Correo electr\u00f3nico: reclami@youradn.com<br>Los datos personales que nos proporcione ser\u00e1n tratados por TOGO INFINITY LTD, como Responsable del Tratamiento, para responder a su solicitud mediante procesos parcialmente automatizados, que implican tanto la intervenci\u00f3n humana como el uso de herramientas de inteligencia artificial.<\/p><p><a href=\"https:\/\/www.youradn.com\/es\/privacidad\/\" target=\"_blank\" rel=\"noreferrer noopener\">Para obtener m\u00e1s informaci\u00f3n sobre c\u00f3mo procesamos sus datos personales, haga clic aqu\u00ed.<\/a><\/p><p>YOURADN debe responder dentro de:<\/p><ul class=\"wp-block-list\"><li style=\"list-style-type: none;\"> <\/li><\/ul><ul class=\"wp-block-list\"><li style=\"list-style-type: none;\"><ul class=\"wp-block-list\"><li>60 d\u00edas naturales desde la recepci\u00f3n de la queja relacionada con las operaciones y servicios prestados;<\/li><\/ul><\/li><\/ul><ul class=\"wp-block-list\"><li style=\"list-style-type: none;\"><ul class=\"wp-block-list\"><li>15 d\u00edas h\u00e1biles desde la recepci\u00f3n de la reclamaci\u00f3n relativa a servicios de transferencia y intercambio. Si, en situaciones excepcionales, YOURADN no puede responder dentro de este periodo, env\u00eda una respuesta provisional indicando los motivos del retraso y especificando el plazo dentro del cual el cliente recibir\u00e1 una respuesta definitiva, en cualquier caso no superior a 35 d\u00edas laborables. <\/li><\/ul><\/li><\/ul>\t\t\t\t\t\t\t\t<\/div>\n\t\t\t\t<\/div>\n\t\t\t\t<div class=\"elementor-element elementor-element-871853b elementor-button-align-stretch elementor-widget elementor-widget-form\" data-id=\"871853b\" data-element_type=\"widget\" data-settings=\"{&quot;step_next_label&quot;:&quot;Pr\\u00f3ximo&quot;,&quot;step_previous_label&quot;:&quot;Anterior&quot;,&quot;button_width&quot;:&quot;100&quot;,&quot;step_type&quot;:&quot;number_text&quot;,&quot;step_icon_shape&quot;:&quot;circle&quot;}\" data-widget_type=\"form.default\">\n\t\t\t\t<div class=\"elementor-widget-container\">\n\t\t\t\t\t\t\t<form class=\"elementor-form\" method=\"post\" name=\"Nuevo m\u00f3dulo\">\n\t\t\t<input type=\"hidden\" name=\"post_id\" value=\"3126\"\/>\n\t\t\t<input type=\"hidden\" name=\"form_id\" value=\"871853b\"\/>\n\t\t\t<input type=\"hidden\" name=\"referer_title\" value=\"Quejas, recursos, conciliaci\u00f3n de dinero electr\u00f3nico - YourAdn\" \/>\n\n\t\t\t\t\t\t\t<input type=\"hidden\" name=\"queried_id\" value=\"3126\"\/>\n\t\t\t\n\t\t\t<div class=\"elementor-form-fields-wrapper elementor-labels-above\">\n\t\t\t\t\t\t\t\t<div class=\"elementor-field-type-text elementor-field-group elementor-column elementor-field-group-cognome elementor-col-50 elementor-field-required\">\n\t\t\t\t\t\t\t\t\t\t\t\t<label for=\"form-field-cognome\" class=\"elementor-field-label\">\n\t\t\t\t\t\t\t\tApellido\t\t\t\t\t\t\t<\/label>\n\t\t\t\t\t\t\t\t\t\t\t\t\t\t<input size=\"1\" type=\"text\" name=\"form_fields[cognome]\" id=\"form-field-cognome\" class=\"elementor-field elementor-size-sm  elementor-field-textual\" placeholder=\"Apellido\" required=\"required\">\n\t\t\t\t\t\t\t\t\t\t\t<\/div>\n\t\t\t\t\t\t\t\t<div class=\"elementor-field-type-text elementor-field-group elementor-column elementor-field-group-nome elementor-col-50 elementor-field-required\">\n\t\t\t\t\t\t\t\t\t\t\t\t<label for=\"form-field-nome\" class=\"elementor-field-label\">\n\t\t\t\t\t\t\t\tNombre\t\t\t\t\t\t\t<\/label>\n\t\t\t\t\t\t\t\t\t\t\t\t\t\t<input size=\"1\" type=\"text\" name=\"form_fields[nome]\" id=\"form-field-nome\" class=\"elementor-field elementor-size-sm  elementor-field-textual\" placeholder=\"Nombre\" required=\"required\">\n\t\t\t\t\t\t\t\t\t\t\t<\/div>\n\t\t\t\t\t\t\t\t<div class=\"elementor-field-type-text elementor-field-group elementor-column elementor-field-group-codice_fiscale elementor-col-100 elementor-field-required\">\n\t\t\t\t\t\t\t\t\t\t\t\t<label for=\"form-field-codice_fiscale\" class=\"elementor-field-label\">\n\t\t\t\t\t\t\t\tC\u00f3digo de identificaci\u00f3n fiscal\t\t\t\t\t\t\t<\/label>\n\t\t\t\t\t\t\t\t\t\t\t\t\t\t<input size=\"1\" type=\"text\" name=\"form_fields[codice_fiscale]\" id=\"form-field-codice_fiscale\" class=\"elementor-field elementor-size-sm  elementor-field-textual\" placeholder=\"C\u00f3digo de identificaci\u00f3n fiscal\" required=\"required\">\n\t\t\t\t\t\t\t\t\t\t\t<\/div>\n\t\t\t\t\t\t\t\t<div class=\"elementor-field-type-radio elementor-field-group elementor-column elementor-field-group-gia_cliente elementor-col-100\">\n\t\t\t\t\t\t\t\t\t\t\t\t<label for=\"form-field-gia_cliente\" class=\"elementor-field-label\">\n\t\t\t\t\t\t\t\tYa eres cliente\t\t\t\t\t\t\t<\/label>\n\t\t\t\t\t\t<div class=\"elementor-field-subgroup  \"><span class=\"elementor-field-option\"><input type=\"radio\" value=\"Si\" id=\"form-field-gia_cliente-0\" name=\"form_fields[gia_cliente]\"> <label for=\"form-field-gia_cliente-0\">Si<\/label><\/span><span class=\"elementor-field-option\"><input type=\"radio\" value=\"No\" id=\"form-field-gia_cliente-1\" name=\"form_fields[gia_cliente]\"> <label for=\"form-field-gia_cliente-1\">No<\/label><\/span><\/div>\t\t\t\t<\/div>\n\t\t\t\t\t\t\t\t<div class=\"elementor-field-type-email elementor-field-group elementor-column elementor-field-group-email elementor-col-50 elementor-field-required\">\n\t\t\t\t\t\t\t\t\t\t\t\t<label for=\"form-field-email\" class=\"elementor-field-label\">\n\t\t\t\t\t\t\t\tCorreo electr\u00f3nico\t\t\t\t\t\t\t<\/label>\n\t\t\t\t\t\t\t\t\t\t\t\t\t\t<input size=\"1\" type=\"email\" name=\"form_fields[email]\" id=\"form-field-email\" class=\"elementor-field elementor-size-sm  elementor-field-textual\" placeholder=\"Correo electr\u00f3nico\" required=\"required\">\n\t\t\t\t\t\t\t\t\t\t\t<\/div>\n\t\t\t\t\t\t\t\t<div class=\"elementor-field-type-tel elementor-field-group elementor-column elementor-field-group-telefono elementor-col-50\">\n\t\t\t\t\t\t\t\t\t\t\t\t<label for=\"form-field-telefono\" class=\"elementor-field-label\">\n\t\t\t\t\t\t\t\tTel\u00e9fono\t\t\t\t\t\t\t<\/label>\n\t\t\t\t\t\t<span class=\"ccfef-editor-intl-input\" data-id=\"form-field-telefono\" data-field-id=\"1e1d241\" data-default-country=\"it\" data-include-countries=\"\" data-exclude-countries=\"\" data-dial-code-visibility=\"show\" data-strict-mode=\"no\" style=\"display: none;\"><\/span>\t\t<input size=\"1\" type=\"tel\" name=\"form_fields[telefono]\" id=\"form-field-telefono\" class=\"elementor-field elementor-size-sm  elementor-field-textual\" pattern=\"[0-9()#&amp;+*-=.]+\" title=\"Solo se aceptan n\u00fameros y caracteres de tel\u00e9fono (#,-,*,etc).\">\n\n\t\t\t\t\t\t<\/div>\n\t\t\t\t\t\t\t\t<div class=\"elementor-field-type-text elementor-field-group elementor-column elementor-field-group-argomento elementor-col-100 elementor-field-required\">\n\t\t\t\t\t\t\t\t\t\t\t\t<label for=\"form-field-argomento\" class=\"elementor-field-label\">\n\t\t\t\t\t\t\t\tObjeto de la denuncia\t\t\t\t\t\t\t<\/label>\n\t\t\t\t\t\t\t\t\t\t\t\t\t\t<input size=\"1\" type=\"text\" name=\"form_fields[argomento]\" id=\"form-field-argomento\" class=\"elementor-field elementor-size-sm  elementor-field-textual\" placeholder=\"Objeto de la denuncia\" required=\"required\">\n\t\t\t\t\t\t\t\t\t\t\t<\/div>\n\t\t\t\t\t\t\t\t<div class=\"elementor-field-type-textarea elementor-field-group elementor-column elementor-field-group-messaggio elementor-col-100 elementor-field-required\">\n\t\t\t\t\t\t\t\t\t\t\t\t<label for=\"form-field-messaggio\" class=\"elementor-field-label\">\n\t\t\t\t\t\t\t\tMensaje\t\t\t\t\t\t\t<\/label>\n\t\t\t\t\t\t<textarea class=\"elementor-field-textual elementor-field  elementor-size-sm\" name=\"form_fields[messaggio]\" id=\"form-field-messaggio\" rows=\"8\" placeholder=\"Mensaje\" required=\"required\"><\/textarea>\t\t\t\t<\/div>\n\t\t\t\t\t\t\t\t<div class=\"elementor-field-type-html elementor-field-group elementor-column elementor-field-group-field_e0f269d elementor-col-100\">\n\t\t\t\t\tEs importante indicar la relaci\u00f3n a la que se hace referencia y describir la disputa lo mejor posible.<br><br>\n\t\t\t\t<\/div>\n\t\t\t\t\t\t\t\t<div class=\"elementor-field-type-select elementor-field-group elementor-column elementor-field-group-preferenza elementor-col-100 elementor-field-required\">\n\t\t\t\t\t\t\t\t\t\t\t\t<label for=\"form-field-preferenza\" class=\"elementor-field-label\">\n\t\t\t\t\t\t\t\tPreferencias de contacto\t\t\t\t\t\t\t<\/label>\n\t\t\t\t\t\t\t\t<div class=\"elementor-field elementor-select-wrapper remove-before \">\n\t\t\t<div class=\"select-caret-down-wrapper\">\n\t\t\t\t<svg aria-hidden=\"true\" class=\"e-font-icon-svg e-eicon-caret-down\" viewBox=\"0 0 571.4 571.4\" xmlns=\"http:\/\/www.w3.org\/2000\/svg\"><path d=\"M571 393Q571 407 561 418L311 668Q300 679 286 679T261 668L11 418Q0 407 0 393T11 368 36 357H536Q550 357 561 368T571 393Z\"><\/path><\/svg>\t\t\t<\/div>\n\t\t\t<select name=\"form_fields[preferenza]\" id=\"form-field-preferenza\" class=\"elementor-field-textual elementor-size-sm\" required=\"required\">\n\t\t\t\t\t\t\t\t\t<option value=\"Ma\u00f1ana\">Ma\u00f1ana<\/option>\n\t\t\t\t\t\t\t\t\t<option value=\"Tarde\">Tarde<\/option>\n\t\t\t\t\t\t\t\t\t<option value=\"Noche\">Noche<\/option>\n\t\t\t\t\t\t\t\t\t<option value=\"\"><\/option>\n\t\t\t\t\t\t\t<\/select>\n\t\t<\/div>\n\t\t\t\t\t\t<\/div>\n\t\t\t\t\t\t\t\t<div class=\"elementor-field-type-html elementor-field-group elementor-column elementor-field-group-field_c690296 elementor-col-100\">\n\t\t\t\t\tAl hacer clic en el bot\u00f3n \"Enviar Queja\", los datos personales que proporciones ser\u00e1n procesados por Tesora SPA en su calidad de Responsable de Datos, para responder a tu solicitud mediante procesos parcialmente automatizados, que implican tanto intervenci\u00f3n humana como el uso de herramientas de inteligencia artificial. Para m\u00e1s informaci\u00f3n sobre el tratamiento de tus datos personales, consulta o descarga la <a target=\"_blank\" href=\"https:\/\/www.youradn.com\/es\/privacidad\/\">Pol\u00edtica de Privacidad<\/a>\t\t\t\t<\/div>\n\t\t\t\t\t\t\t\t<div class=\"elementor-field-group elementor-column elementor-field-type-submit elementor-col-100 e-form__buttons\">\n\t\t\t\t\t<button class=\"elementor-button elementor-size-sm\" type=\"submit\">\n\t\t\t\t\t\t<span class=\"elementor-button-content-wrapper\">\n\t\t\t\t\t\t\t\t\t\t\t\t\t\t\t\t\t\t\t\t\t\t<span class=\"elementor-button-text\">Enviar queja<\/span>\n\t\t\t\t\t\t\t\t\t\t\t\t\t<\/span>\n\t\t\t\t\t<\/button>\n\t\t\t\t<\/div>\n\t\t\t<\/div>\n\t\t<\/form>\n\t\t\t\t\t\t<\/div>\n\t\t\t\t<\/div>\n\t\t\t\t\t<\/div>\n\t\t\t\t<\/div>\n\t\t<div class=\"elementor-element elementor-element-136bf95 e-flex e-con-boxed wpr-particle-no wpr-jarallax-no wpr-parallax-no wpr-sticky-section-no e-con e-parent\" data-id=\"136bf95\" data-element_type=\"container\">\n\t\t\t\t\t<div class=\"e-con-inner\">\n\t\t\t\t<div class=\"elementor-element elementor-element-9fe6ec3 elementor-widget elementor-widget-spacer\" data-id=\"9fe6ec3\" data-element_type=\"widget\" data-widget_type=\"spacer.default\">\n\t\t\t\t<div class=\"elementor-widget-container\">\n\t\t\t\t\t\t\t<div class=\"elementor-spacer\">\n\t\t\t<div class=\"elementor-spacer-inner\"><\/div>\n\t\t<\/div>\n\t\t\t\t\t\t<\/div>\n\t\t\t\t<\/div>\n\t\t\t\t\t<\/div>\n\t\t\t\t<\/div>\n\t\t\t\t<\/div>\n\t\t","protected":false},"excerpt":{"rendered":"<p>Quejas, recursos, conciliaci\u00f3n de dinero electr\u00f3nico. En caso de que surja una disputa entre el Cliente y YOURADN relacionada con productos y servicios PRESTADOS, el Cliente podr\u00e1 presentar una queja a YOURADN rellenando el formulario correspondiente en la p\u00e1gina web, o enviando una comunicaci\u00f3n (por correo certificado con acuse de recibo, correo ordinario, correo electr\u00f3nico, PEC o Fax) a una de las direcciones indicadas a continuaci\u00f3n: TOGO INFINITY LTDSatisfacci\u00f3n del Cliente y Reclamaciones ItaliaBlock 4 Harcourt Centre, Harcourt Road 2, Dubl\u00edn, Irlanda, D02 HW77Correo electr\u00f3nico: reclami@youradn.comLos datos personales que nos proporcione ser\u00e1n tratados por TOGO INFINITY LTD, como Responsable del Tratamiento, para responder a su solicitud mediante procesos parcialmente automatizados, que implican tanto la intervenci\u00f3n humana como el uso de herramientas de inteligencia artificial. Para obtener m\u00e1s informaci\u00f3n sobre c\u00f3mo procesamos sus datos personales, haga clic aqu\u00ed. YOURADN debe responder dentro de: 60 d\u00edas naturales desde la recepci\u00f3n de la queja relacionada con las operaciones y servicios prestados; 15 d\u00edas h\u00e1biles desde la recepci\u00f3n de la reclamaci\u00f3n relativa a servicios de transferencia y intercambio. Si, en situaciones excepcionales, YOURADN no puede responder dentro de este periodo, env\u00eda una respuesta provisional indicando los motivos del retraso y especificando el plazo dentro del cual el cliente recibir\u00e1 una respuesta definitiva, en cualquier caso no superior a 35 d\u00edas laborables.<\/p>\n","protected":false},"author":1,"featured_media":0,"parent":0,"menu_order":0,"comment_status":"closed","ping_status":"closed","template":"","meta":{"footnotes":""},"class_list":["post-3126","page","type-page","status-publish","hentry"],"yoast_head":"<!-- This site is optimized with the Yoast SEO plugin v26.3 - https:\/\/yoast.com\/wordpress\/plugins\/seo\/ -->\n<title>Quejas, recursos, conciliaci\u00f3n de dinero electr\u00f3nico - YourAdn<\/title>\n<meta name=\"robots\" content=\"index, follow, max-snippet:-1, max-image-preview:large, max-video-preview:-1\" \/>\n<link rel=\"canonical\" href=\"https:\/\/www.youradn.com\/es\/quejas-recursos-conciliacion-de-dinero-electronico\/\" \/>\n<meta property=\"og:locale\" content=\"es_ES\" \/>\n<meta property=\"og:type\" content=\"article\" \/>\n<meta property=\"og:title\" content=\"Quejas, recursos, conciliaci\u00f3n de dinero electr\u00f3nico - YourAdn\" \/>\n<meta property=\"og:description\" content=\"Quejas, recursos, conciliaci\u00f3n de dinero electr\u00f3nico. En caso de que surja una disputa entre el Cliente y YOURADN relacionada con productos y servicios PRESTADOS, el Cliente podr\u00e1 presentar una queja a YOURADN rellenando el formulario correspondiente en la p\u00e1gina web, o enviando una comunicaci\u00f3n (por correo certificado con acuse de recibo, correo ordinario, correo electr\u00f3nico, PEC o Fax) a una de las direcciones indicadas a continuaci\u00f3n: TOGO INFINITY LTDSatisfacci\u00f3n del Cliente y Reclamaciones ItaliaBlock 4 Harcourt Centre, Harcourt Road 2, Dubl\u00edn, Irlanda, D02 HW77Correo electr\u00f3nico: reclami@youradn.comLos datos personales que nos proporcione ser\u00e1n tratados por TOGO INFINITY LTD, como Responsable del Tratamiento, para responder a su solicitud mediante procesos parcialmente automatizados, que implican tanto la intervenci\u00f3n humana como el uso de herramientas de inteligencia artificial. Para obtener m\u00e1s informaci\u00f3n sobre c\u00f3mo procesamos sus datos personales, haga clic aqu\u00ed. YOURADN debe responder dentro de: 60 d\u00edas naturales desde la recepci\u00f3n de la queja relacionada con las operaciones y servicios prestados; 15 d\u00edas h\u00e1biles desde la recepci\u00f3n de la reclamaci\u00f3n relativa a servicios de transferencia y intercambio. Si, en situaciones excepcionales, YOURADN no puede responder dentro de este periodo, env\u00eda una respuesta provisional indicando los motivos del retraso y especificando el plazo dentro del cual el cliente recibir\u00e1 una respuesta definitiva, en cualquier caso no superior a 35 d\u00edas laborables.\" \/>\n<meta property=\"og:url\" content=\"https:\/\/www.youradn.com\/es\/quejas-recursos-conciliacion-de-dinero-electronico\/\" \/>\n<meta property=\"og:site_name\" content=\"YourAdn\" \/>\n<meta property=\"article:modified_time\" content=\"2026-01-28T11:10:50+00:00\" \/>\n<meta name=\"twitter:card\" content=\"summary_large_image\" \/>\n<meta name=\"twitter:label1\" content=\"Tiempo de lectura\" \/>\n\t<meta name=\"twitter:data1\" content=\"1 minuto\" \/>\n<script type=\"application\/ld+json\" class=\"yoast-schema-graph\">{\"@context\":\"https:\/\/schema.org\",\"@graph\":[{\"@type\":\"WebPage\",\"@id\":\"https:\/\/www.youradn.com\/es\/quejas-recursos-conciliacion-de-dinero-electronico\/\",\"url\":\"https:\/\/www.youradn.com\/es\/quejas-recursos-conciliacion-de-dinero-electronico\/\",\"name\":\"Quejas, recursos, conciliaci\u00f3n de dinero electr\u00f3nico - YourAdn\",\"isPartOf\":{\"@id\":\"https:\/\/www.youradn.com\/#website\"},\"datePublished\":\"2026-01-20T08:46:26+00:00\",\"dateModified\":\"2026-01-28T11:10:50+00:00\",\"breadcrumb\":{\"@id\":\"https:\/\/www.youradn.com\/es\/quejas-recursos-conciliacion-de-dinero-electronico\/#breadcrumb\"},\"inLanguage\":\"es\",\"potentialAction\":[{\"@type\":\"ReadAction\",\"target\":[\"https:\/\/www.youradn.com\/es\/quejas-recursos-conciliacion-de-dinero-electronico\/\"]}]},{\"@type\":\"BreadcrumbList\",\"@id\":\"https:\/\/www.youradn.com\/es\/quejas-recursos-conciliacion-de-dinero-electronico\/#breadcrumb\",\"itemListElement\":[{\"@type\":\"ListItem\",\"position\":1,\"name\":\"Home\",\"item\":\"https:\/\/www.youradn.com\/\"},{\"@type\":\"ListItem\",\"position\":2,\"name\":\"Quejas, recursos, conciliaci\u00f3n de dinero electr\u00f3nico\"}]},{\"@type\":\"WebSite\",\"@id\":\"https:\/\/www.youradn.com\/#website\",\"url\":\"https:\/\/www.youradn.com\/\",\"name\":\"YourAdn\",\"description\":\"\",\"publisher\":{\"@id\":\"https:\/\/www.youradn.com\/#organization\"},\"potentialAction\":[{\"@type\":\"SearchAction\",\"target\":{\"@type\":\"EntryPoint\",\"urlTemplate\":\"https:\/\/www.youradn.com\/?s={search_term_string}\"},\"query-input\":{\"@type\":\"PropertyValueSpecification\",\"valueRequired\":true,\"valueName\":\"search_term_string\"}}],\"inLanguage\":\"es\"},{\"@type\":\"Organization\",\"@id\":\"https:\/\/www.youradn.com\/#organization\",\"name\":\"YourAdn\",\"url\":\"https:\/\/www.youradn.com\/\",\"logo\":{\"@type\":\"ImageObject\",\"inLanguage\":\"es\",\"@id\":\"https:\/\/www.youradn.com\/#\/schema\/logo\/image\/\",\"url\":\"https:\/\/www.youradn.com\/wp-content\/uploads\/2025\/05\/Logo-ADN.png\",\"contentUrl\":\"https:\/\/www.youradn.com\/wp-content\/uploads\/2025\/05\/Logo-ADN.png\",\"width\":1280,\"height\":546,\"caption\":\"YourAdn\"},\"image\":{\"@id\":\"https:\/\/www.youradn.com\/#\/schema\/logo\/image\/\"}}]}<\/script>\n<!-- \/ Yoast SEO plugin. -->","yoast_head_json":{"title":"Quejas, recursos, conciliaci\u00f3n de dinero electr\u00f3nico - YourAdn","robots":{"index":"index","follow":"follow","max-snippet":"max-snippet:-1","max-image-preview":"max-image-preview:large","max-video-preview":"max-video-preview:-1"},"canonical":"https:\/\/www.youradn.com\/es\/quejas-recursos-conciliacion-de-dinero-electronico\/","og_locale":"es_ES","og_type":"article","og_title":"Quejas, recursos, conciliaci\u00f3n de dinero electr\u00f3nico - YourAdn","og_description":"Quejas, recursos, conciliaci\u00f3n de dinero electr\u00f3nico. En caso de que surja una disputa entre el Cliente y YOURADN relacionada con productos y servicios PRESTADOS, el Cliente podr\u00e1 presentar una queja a YOURADN rellenando el formulario correspondiente en la p\u00e1gina web, o enviando una comunicaci\u00f3n (por correo certificado con acuse de recibo, correo ordinario, correo electr\u00f3nico, PEC o Fax) a una de las direcciones indicadas a continuaci\u00f3n: TOGO INFINITY LTDSatisfacci\u00f3n del Cliente y Reclamaciones ItaliaBlock 4 Harcourt Centre, Harcourt Road 2, Dubl\u00edn, Irlanda, D02 HW77Correo electr\u00f3nico: reclami@youradn.comLos datos personales que nos proporcione ser\u00e1n tratados por TOGO INFINITY LTD, como Responsable del Tratamiento, para responder a su solicitud mediante procesos parcialmente automatizados, que implican tanto la intervenci\u00f3n humana como el uso de herramientas de inteligencia artificial. Para obtener m\u00e1s informaci\u00f3n sobre c\u00f3mo procesamos sus datos personales, haga clic aqu\u00ed. YOURADN debe responder dentro de: 60 d\u00edas naturales desde la recepci\u00f3n de la queja relacionada con las operaciones y servicios prestados; 15 d\u00edas h\u00e1biles desde la recepci\u00f3n de la reclamaci\u00f3n relativa a servicios de transferencia y intercambio. Si, en situaciones excepcionales, YOURADN no puede responder dentro de este periodo, env\u00eda una respuesta provisional indicando los motivos del retraso y especificando el plazo dentro del cual el cliente recibir\u00e1 una respuesta definitiva, en cualquier caso no superior a 35 d\u00edas laborables.","og_url":"https:\/\/www.youradn.com\/es\/quejas-recursos-conciliacion-de-dinero-electronico\/","og_site_name":"YourAdn","article_modified_time":"2026-01-28T11:10:50+00:00","twitter_card":"summary_large_image","twitter_misc":{"Tiempo de lectura":"1 minuto"},"schema":{"@context":"https:\/\/schema.org","@graph":[{"@type":"WebPage","@id":"https:\/\/www.youradn.com\/es\/quejas-recursos-conciliacion-de-dinero-electronico\/","url":"https:\/\/www.youradn.com\/es\/quejas-recursos-conciliacion-de-dinero-electronico\/","name":"Quejas, recursos, conciliaci\u00f3n de dinero electr\u00f3nico - YourAdn","isPartOf":{"@id":"https:\/\/www.youradn.com\/#website"},"datePublished":"2026-01-20T08:46:26+00:00","dateModified":"2026-01-28T11:10:50+00:00","breadcrumb":{"@id":"https:\/\/www.youradn.com\/es\/quejas-recursos-conciliacion-de-dinero-electronico\/#breadcrumb"},"inLanguage":"es","potentialAction":[{"@type":"ReadAction","target":["https:\/\/www.youradn.com\/es\/quejas-recursos-conciliacion-de-dinero-electronico\/"]}]},{"@type":"BreadcrumbList","@id":"https:\/\/www.youradn.com\/es\/quejas-recursos-conciliacion-de-dinero-electronico\/#breadcrumb","itemListElement":[{"@type":"ListItem","position":1,"name":"Home","item":"https:\/\/www.youradn.com\/"},{"@type":"ListItem","position":2,"name":"Quejas, recursos, conciliaci\u00f3n de dinero electr\u00f3nico"}]},{"@type":"WebSite","@id":"https:\/\/www.youradn.com\/#website","url":"https:\/\/www.youradn.com\/","name":"YourAdn","description":"","publisher":{"@id":"https:\/\/www.youradn.com\/#organization"},"potentialAction":[{"@type":"SearchAction","target":{"@type":"EntryPoint","urlTemplate":"https:\/\/www.youradn.com\/?s={search_term_string}"},"query-input":{"@type":"PropertyValueSpecification","valueRequired":true,"valueName":"search_term_string"}}],"inLanguage":"es"},{"@type":"Organization","@id":"https:\/\/www.youradn.com\/#organization","name":"YourAdn","url":"https:\/\/www.youradn.com\/","logo":{"@type":"ImageObject","inLanguage":"es","@id":"https:\/\/www.youradn.com\/#\/schema\/logo\/image\/","url":"https:\/\/www.youradn.com\/wp-content\/uploads\/2025\/05\/Logo-ADN.png","contentUrl":"https:\/\/www.youradn.com\/wp-content\/uploads\/2025\/05\/Logo-ADN.png","width":1280,"height":546,"caption":"YourAdn"},"image":{"@id":"https:\/\/www.youradn.com\/#\/schema\/logo\/image\/"}}]}},"_links":{"self":[{"href":"https:\/\/www.youradn.com\/es\/wp-json\/wp\/v2\/pages\/3126","targetHints":{"allow":["GET"]}}],"collection":[{"href":"https:\/\/www.youradn.com\/es\/wp-json\/wp\/v2\/pages"}],"about":[{"href":"https:\/\/www.youradn.com\/es\/wp-json\/wp\/v2\/types\/page"}],"author":[{"embeddable":true,"href":"https:\/\/www.youradn.com\/es\/wp-json\/wp\/v2\/users\/1"}],"replies":[{"embeddable":true,"href":"https:\/\/www.youradn.com\/es\/wp-json\/wp\/v2\/comments?post=3126"}],"version-history":[{"count":2,"href":"https:\/\/www.youradn.com\/es\/wp-json\/wp\/v2\/pages\/3126\/revisions"}],"predecessor-version":[{"id":3128,"href":"https:\/\/www.youradn.com\/es\/wp-json\/wp\/v2\/pages\/3126\/revisions\/3128"}],"wp:attachment":[{"href":"https:\/\/www.youradn.com\/es\/wp-json\/wp\/v2\/media?parent=3126"}],"curies":[{"name":"wp","href":"https:\/\/api.w.org\/{rel}","templated":true}]}}