{"id":2873,"date":"2026-01-16T16:26:09","date_gmt":"2026-01-16T16:26:09","guid":{"rendered":"https:\/\/www.youradn.com\/disclaimer-e-money\/"},"modified":"2026-01-20T08:38:24","modified_gmt":"2026-01-20T08:38:24","slug":"disclaimer-e-money","status":"publish","type":"page","link":"https:\/\/www.youradn.com\/es\/disclaimer-e-money\/","title":{"rendered":"DISCLAIMER E-MONEY"},"content":{"rendered":"\t\t<div data-elementor-type=\"wp-page\" data-elementor-id=\"2873\" class=\"elementor elementor-2873 elementor-2858\" data-elementor-post-type=\"page\">\n\t\t\t\t<div class=\"elementor-element elementor-element-3436e28 e-flex e-con-boxed wpr-particle-no wpr-jarallax-no wpr-parallax-no wpr-sticky-section-no e-con e-parent\" data-id=\"3436e28\" data-element_type=\"container\">\n\t\t\t\t\t<div class=\"e-con-inner\">\n\t\t\t\t<div class=\"elementor-element elementor-element-da6fa29 elementor-widget elementor-widget-spacer\" data-id=\"da6fa29\" data-element_type=\"widget\" data-widget_type=\"spacer.default\">\n\t\t\t\t<div class=\"elementor-widget-container\">\n\t\t\t\t\t\t\t<div class=\"elementor-spacer\">\n\t\t\t<div class=\"elementor-spacer-inner\"><\/div>\n\t\t<\/div>\n\t\t\t\t\t\t<\/div>\n\t\t\t\t<\/div>\n\t\t\t\t\t<\/div>\n\t\t\t\t<\/div>\n\t\t<div class=\"elementor-element elementor-element-9443a8b e-flex e-con-boxed wpr-particle-no wpr-jarallax-no wpr-parallax-no wpr-sticky-section-no e-con e-parent\" data-id=\"9443a8b\" data-element_type=\"container\">\n\t\t\t\t\t<div class=\"e-con-inner\">\n\t\t\t\t<div class=\"elementor-element elementor-element-7e49d9e elementor-widget elementor-widget-heading\" data-id=\"7e49d9e\" data-element_type=\"widget\" data-widget_type=\"heading.default\">\n\t\t\t\t<div class=\"elementor-widget-container\">\n\t\t\t\t\t<h1 class=\"elementor-heading-title elementor-size-default\">DISCLAIMER E-MONEY<\/h1>\t\t\t\t<\/div>\n\t\t\t\t<\/div>\n\t\t\t\t\t<\/div>\n\t\t\t\t<\/div>\n\t\t<div class=\"elementor-element elementor-element-f55ae98 e-flex e-con-boxed wpr-particle-no wpr-jarallax-no wpr-parallax-no wpr-sticky-section-no e-con e-parent\" data-id=\"f55ae98\" data-element_type=\"container\">\n\t\t\t\t\t<div class=\"e-con-inner\">\n\t\t\t\t<div class=\"elementor-element elementor-element-f155eda elementor-widget elementor-widget-text-editor\" data-id=\"f155eda\" data-element_type=\"widget\" data-widget_type=\"text-editor.default\">\n\t\t\t\t<div class=\"elementor-widget-container\">\n\t\t\t\t\t\t\t\t\t<p><strong>Informaci\u00f3n importante: <\/strong><br>Los servicios de pago necesarios para la prestaci\u00f3n de nuestros servicios son proporcionados por Easy Payment and Finance, E.P., S.A., (\u201cEasy\u201d), con domicilio en Calle Leganitos 47, Planta 9\u00aa, 28008 Madrid (Espa\u00f1a), con N\u00famero de Identificaci\u00f3n Fiscal A85785905, inscrita en el Registro Mercantil de Madrid, Hoja M-488476, Tomo 27111. Easy es una entidad de pago regulada y supervisada por el Banco de Espa\u00f1a (C\/ Alcal\u00e1 48, 28014 Madrid, Espa\u00f1a), inscrita en su Registro Especial de Entidades de Pago con el n\u00famero 6849. Easy y nosotros somos entidades independientes y no somos agentes de Easy ni actuamos como tales, ni prestamos servicios de pago en nombre, por cuenta o en representaci\u00f3n de Easy. La prestaci\u00f3n de los servicios de pago por parte de Easy est\u00e1 sujeta a la suscripci\u00f3n previa del Acuerdo Marco de Servicios de Pago por su parte.   <\/p>\t\t\t\t\t\t\t\t<\/div>\n\t\t\t\t<\/div>\n\t\t\t\t\t<\/div>\n\t\t\t\t<\/div>\n\t\t<div class=\"elementor-element elementor-element-b5818a0 e-flex e-con-boxed wpr-particle-no wpr-jarallax-no wpr-parallax-no wpr-sticky-section-no e-con e-parent\" data-id=\"b5818a0\" data-element_type=\"container\">\n\t\t\t\t\t<div class=\"e-con-inner\">\n\t\t\t\t<div class=\"elementor-element elementor-element-73956fc elementor-widget elementor-widget-spacer\" data-id=\"73956fc\" data-element_type=\"widget\" data-widget_type=\"spacer.default\">\n\t\t\t\t<div class=\"elementor-widget-container\">\n\t\t\t\t\t\t\t<div class=\"elementor-spacer\">\n\t\t\t<div class=\"elementor-spacer-inner\"><\/div>\n\t\t<\/div>\n\t\t\t\t\t\t<\/div>\n\t\t\t\t<\/div>\n\t\t\t\t\t<\/div>\n\t\t\t\t<\/div>\n\t\t\t\t<\/div>\n\t\t","protected":false},"excerpt":{"rendered":"<p>DISCLAIMER E-MONEY Informaci\u00f3n importante: Los servicios de pago necesarios para la prestaci\u00f3n de nuestros servicios son proporcionados por Easy Payment and Finance, E.P., S.A., (\u201cEasy\u201d), con domicilio en Calle Leganitos 47, Planta 9\u00aa, 28008 Madrid (Espa\u00f1a), con N\u00famero de Identificaci\u00f3n Fiscal A85785905, inscrita en el Registro Mercantil de Madrid, Hoja M-488476, Tomo 27111. Easy es una entidad de pago regulada y supervisada por el Banco de Espa\u00f1a (C\/ Alcal\u00e1 48, 28014 Madrid, Espa\u00f1a), inscrita en su Registro Especial de Entidades de Pago con el n\u00famero 6849. Easy y nosotros somos entidades independientes y no somos agentes de Easy ni actuamos como tales, ni prestamos servicios de pago en nombre, por cuenta o en representaci\u00f3n de Easy. La prestaci\u00f3n de los servicios de pago por parte de Easy est\u00e1 sujeta a la suscripci\u00f3n previa del Acuerdo Marco de Servicios de Pago por su parte.<\/p>\n","protected":false},"author":1,"featured_media":0,"parent":0,"menu_order":0,"comment_status":"closed","ping_status":"closed","template":"","meta":{"footnotes":""},"class_list":["post-2873","page","type-page","status-publish","hentry"],"yoast_head":"<!-- This site is optimized with the Yoast SEO plugin v26.3 - https:\/\/yoast.com\/wordpress\/plugins\/seo\/ -->\n<title>DISCLAIMER E-MONEY - YourAdn<\/title>\n<meta name=\"robots\" content=\"index, follow, max-snippet:-1, max-image-preview:large, max-video-preview:-1\" \/>\n<link rel=\"canonical\" href=\"https:\/\/www.youradn.com\/es\/disclaimer-e-money\/\" \/>\n<meta property=\"og:locale\" content=\"es_ES\" \/>\n<meta property=\"og:type\" content=\"article\" \/>\n<meta property=\"og:title\" content=\"DISCLAIMER E-MONEY - YourAdn\" \/>\n<meta property=\"og:description\" content=\"DISCLAIMER E-MONEY Informaci\u00f3n importante: Los servicios de pago necesarios para la prestaci\u00f3n de nuestros servicios son proporcionados por Easy Payment and Finance, E.P., S.A., (\u201cEasy\u201d), con domicilio en Calle Leganitos 47, Planta 9\u00aa, 28008 Madrid (Espa\u00f1a), con N\u00famero de Identificaci\u00f3n Fiscal A85785905, inscrita en el Registro Mercantil de Madrid, Hoja M-488476, Tomo 27111. Easy es una entidad de pago regulada y supervisada por el Banco de Espa\u00f1a (C\/ Alcal\u00e1 48, 28014 Madrid, Espa\u00f1a), inscrita en su Registro Especial de Entidades de Pago con el n\u00famero 6849. Easy y nosotros somos entidades independientes y no somos agentes de Easy ni actuamos como tales, ni prestamos servicios de pago en nombre, por cuenta o en representaci\u00f3n de Easy. La prestaci\u00f3n de los servicios de pago por parte de Easy est\u00e1 sujeta a la suscripci\u00f3n previa del Acuerdo Marco de Servicios de Pago por su parte.\" \/>\n<meta property=\"og:url\" content=\"https:\/\/www.youradn.com\/es\/disclaimer-e-money\/\" \/>\n<meta property=\"og:site_name\" content=\"YourAdn\" \/>\n<meta property=\"article:modified_time\" content=\"2026-01-20T08:38:24+00:00\" \/>\n<meta name=\"twitter:card\" content=\"summary_large_image\" \/>\n<meta name=\"twitter:label1\" content=\"Tiempo de lectura\" \/>\n\t<meta name=\"twitter:data1\" content=\"1 minuto\" \/>\n<script type=\"application\/ld+json\" class=\"yoast-schema-graph\">{\"@context\":\"https:\/\/schema.org\",\"@graph\":[{\"@type\":\"WebPage\",\"@id\":\"https:\/\/www.youradn.com\/es\/disclaimer-e-money\/\",\"url\":\"https:\/\/www.youradn.com\/es\/disclaimer-e-money\/\",\"name\":\"DISCLAIMER E-MONEY - YourAdn\",\"isPartOf\":{\"@id\":\"https:\/\/www.youradn.com\/#website\"},\"datePublished\":\"2026-01-16T16:26:09+00:00\",\"dateModified\":\"2026-01-20T08:38:24+00:00\",\"breadcrumb\":{\"@id\":\"https:\/\/www.youradn.com\/es\/disclaimer-e-money\/#breadcrumb\"},\"inLanguage\":\"es\",\"potentialAction\":[{\"@type\":\"ReadAction\",\"target\":[\"https:\/\/www.youradn.com\/es\/disclaimer-e-money\/\"]}]},{\"@type\":\"BreadcrumbList\",\"@id\":\"https:\/\/www.youradn.com\/es\/disclaimer-e-money\/#breadcrumb\",\"itemListElement\":[{\"@type\":\"ListItem\",\"position\":1,\"name\":\"Home\",\"item\":\"https:\/\/www.youradn.com\/\"},{\"@type\":\"ListItem\",\"position\":2,\"name\":\"DISCLAIMER E-MONEY\"}]},{\"@type\":\"WebSite\",\"@id\":\"https:\/\/www.youradn.com\/#website\",\"url\":\"https:\/\/www.youradn.com\/\",\"name\":\"YourAdn\",\"description\":\"\",\"publisher\":{\"@id\":\"https:\/\/www.youradn.com\/#organization\"},\"potentialAction\":[{\"@type\":\"SearchAction\",\"target\":{\"@type\":\"EntryPoint\",\"urlTemplate\":\"https:\/\/www.youradn.com\/?s={search_term_string}\"},\"query-input\":{\"@type\":\"PropertyValueSpecification\",\"valueRequired\":true,\"valueName\":\"search_term_string\"}}],\"inLanguage\":\"es\"},{\"@type\":\"Organization\",\"@id\":\"https:\/\/www.youradn.com\/#organization\",\"name\":\"YourAdn\",\"url\":\"https:\/\/www.youradn.com\/\",\"logo\":{\"@type\":\"ImageObject\",\"inLanguage\":\"es\",\"@id\":\"https:\/\/www.youradn.com\/#\/schema\/logo\/image\/\",\"url\":\"https:\/\/www.youradn.com\/wp-content\/uploads\/2025\/05\/Logo-ADN.png\",\"contentUrl\":\"https:\/\/www.youradn.com\/wp-content\/uploads\/2025\/05\/Logo-ADN.png\",\"width\":1280,\"height\":546,\"caption\":\"YourAdn\"},\"image\":{\"@id\":\"https:\/\/www.youradn.com\/#\/schema\/logo\/image\/\"}}]}<\/script>\n<!-- \/ Yoast SEO plugin. -->","yoast_head_json":{"title":"DISCLAIMER E-MONEY - YourAdn","robots":{"index":"index","follow":"follow","max-snippet":"max-snippet:-1","max-image-preview":"max-image-preview:large","max-video-preview":"max-video-preview:-1"},"canonical":"https:\/\/www.youradn.com\/es\/disclaimer-e-money\/","og_locale":"es_ES","og_type":"article","og_title":"DISCLAIMER E-MONEY - YourAdn","og_description":"DISCLAIMER E-MONEY Informaci\u00f3n importante: Los servicios de pago necesarios para la prestaci\u00f3n de nuestros servicios son proporcionados por Easy Payment and Finance, E.P., S.A., (\u201cEasy\u201d), con domicilio en Calle Leganitos 47, Planta 9\u00aa, 28008 Madrid (Espa\u00f1a), con N\u00famero de Identificaci\u00f3n Fiscal A85785905, inscrita en el Registro Mercantil de Madrid, Hoja M-488476, Tomo 27111. Easy es una entidad de pago regulada y supervisada por el Banco de Espa\u00f1a (C\/ Alcal\u00e1 48, 28014 Madrid, Espa\u00f1a), inscrita en su Registro Especial de Entidades de Pago con el n\u00famero 6849. Easy y nosotros somos entidades independientes y no somos agentes de Easy ni actuamos como tales, ni prestamos servicios de pago en nombre, por cuenta o en representaci\u00f3n de Easy. La prestaci\u00f3n de los servicios de pago por parte de Easy est\u00e1 sujeta a la suscripci\u00f3n previa del Acuerdo Marco de Servicios de Pago por su parte.","og_url":"https:\/\/www.youradn.com\/es\/disclaimer-e-money\/","og_site_name":"YourAdn","article_modified_time":"2026-01-20T08:38:24+00:00","twitter_card":"summary_large_image","twitter_misc":{"Tiempo de lectura":"1 minuto"},"schema":{"@context":"https:\/\/schema.org","@graph":[{"@type":"WebPage","@id":"https:\/\/www.youradn.com\/es\/disclaimer-e-money\/","url":"https:\/\/www.youradn.com\/es\/disclaimer-e-money\/","name":"DISCLAIMER E-MONEY - YourAdn","isPartOf":{"@id":"https:\/\/www.youradn.com\/#website"},"datePublished":"2026-01-16T16:26:09+00:00","dateModified":"2026-01-20T08:38:24+00:00","breadcrumb":{"@id":"https:\/\/www.youradn.com\/es\/disclaimer-e-money\/#breadcrumb"},"inLanguage":"es","potentialAction":[{"@type":"ReadAction","target":["https:\/\/www.youradn.com\/es\/disclaimer-e-money\/"]}]},{"@type":"BreadcrumbList","@id":"https:\/\/www.youradn.com\/es\/disclaimer-e-money\/#breadcrumb","itemListElement":[{"@type":"ListItem","position":1,"name":"Home","item":"https:\/\/www.youradn.com\/"},{"@type":"ListItem","position":2,"name":"DISCLAIMER E-MONEY"}]},{"@type":"WebSite","@id":"https:\/\/www.youradn.com\/#website","url":"https:\/\/www.youradn.com\/","name":"YourAdn","description":"","publisher":{"@id":"https:\/\/www.youradn.com\/#organization"},"potentialAction":[{"@type":"SearchAction","target":{"@type":"EntryPoint","urlTemplate":"https:\/\/www.youradn.com\/?s={search_term_string}"},"query-input":{"@type":"PropertyValueSpecification","valueRequired":true,"valueName":"search_term_string"}}],"inLanguage":"es"},{"@type":"Organization","@id":"https:\/\/www.youradn.com\/#organization","name":"YourAdn","url":"https:\/\/www.youradn.com\/","logo":{"@type":"ImageObject","inLanguage":"es","@id":"https:\/\/www.youradn.com\/#\/schema\/logo\/image\/","url":"https:\/\/www.youradn.com\/wp-content\/uploads\/2025\/05\/Logo-ADN.png","contentUrl":"https:\/\/www.youradn.com\/wp-content\/uploads\/2025\/05\/Logo-ADN.png","width":1280,"height":546,"caption":"YourAdn"},"image":{"@id":"https:\/\/www.youradn.com\/#\/schema\/logo\/image\/"}}]}},"_links":{"self":[{"href":"https:\/\/www.youradn.com\/es\/wp-json\/wp\/v2\/pages\/2873","targetHints":{"allow":["GET"]}}],"collection":[{"href":"https:\/\/www.youradn.com\/es\/wp-json\/wp\/v2\/pages"}],"about":[{"href":"https:\/\/www.youradn.com\/es\/wp-json\/wp\/v2\/types\/page"}],"author":[{"embeddable":true,"href":"https:\/\/www.youradn.com\/es\/wp-json\/wp\/v2\/users\/1"}],"replies":[{"embeddable":true,"href":"https:\/\/www.youradn.com\/es\/wp-json\/wp\/v2\/comments?post=2873"}],"version-history":[{"count":1,"href":"https:\/\/www.youradn.com\/es\/wp-json\/wp\/v2\/pages\/2873\/revisions"}],"predecessor-version":[{"id":2874,"href":"https:\/\/www.youradn.com\/es\/wp-json\/wp\/v2\/pages\/2873\/revisions\/2874"}],"wp:attachment":[{"href":"https:\/\/www.youradn.com\/es\/wp-json\/wp\/v2\/media?parent=2873"}],"curies":[{"name":"wp","href":"https:\/\/api.w.org\/{rel}","templated":true}]}}